{"id":214,"date":"2021-01-05T14:47:04","date_gmt":"2021-01-05T14:47:04","guid":{"rendered":"https:\/\/bodyheartsoulworker.com\/?page_id=214"},"modified":"2021-03-20T12:12:09","modified_gmt":"2021-03-20T12:12:09","slug":"korperarbeit","status":"publish","type":"page","link":"https:\/\/bodyheartsoulworker.com\/de\/korperarbeit\/","title":{"rendered":"K\u00f6rperarbeit"},"content":{"rendered":"<p>[et_pb_section fb_built=&#8220;1&#8243; fullwidth=&#8220;on&#8220; admin_label=&#8220;Section&#8220; _builder_version=&#8220;4.9.0&#8243; _module_preset=&#8220;default&#8220;][et_pb_fullwidth_post_title meta=&#8220;off&#8220; featured_image=&#8220;off&#8220; text_color=&#8220;light&#8220; admin_label=&#8220;Fullwidth Post Title&#8220; _builder_version=&#8220;4.9.2&#8243; _module_preset=&#8220;default&#8220; title_font_size=&#8220;50px&#8220; background_image=&#8220;http:\/\/bodyheartsoulworker.com\/wp-content\/uploads\/2021\/02\/IMG_5966.jpg&#8220; height=&#8220;300px&#8220; title_font_size_tablet=&#8220;&#8220; title_font_size_phone=&#8220;40px&#8220; title_font_size_last_edited=&#8220;on|phone&#8220; title_text_shadow_style=&#8220;preset3&#8243; title_text_shadow_color=&#8220;#000000&#8243; text_shadow_style=&#8220;preset3&#8243; text_shadow_blur_strength=&#8220;0.29em&#8220; text_shadow_color=&#8220;#000000&#8243;][\/et_pb_fullwidth_post_title][\/et_pb_section][et_pb_section fb_built=&#8220;1&#8243; admin_label=&#8220;section&#8220; _builder_version=&#8220;3.22&#8243;][et_pb_row admin_label=&#8220;row&#8220; _builder_version=&#8220;3.25&#8243; background_size=&#8220;initial&#8220; background_position=&#8220;top_left&#8220; background_repeat=&#8220;repeat&#8220;][et_pb_column type=&#8220;4_4&#8243; _builder_version=&#8220;3.25&#8243; custom_padding=&#8220;|||&#8220; custom_padding__hover=&#8220;|||&#8220;][et_pb_text _builder_version=&#8220;4.9.2&#8243; _module_preset=&#8220;default&#8220; custom_margin=&#8220;||60px||false|false&#8220;]<\/p>\n<p>Ich biete K\u00f6rperarbeit an, die entweder auf traditioneller Thai-Massage oder Lomi Lomi Nui basiert.<br \/>TECHNIKEN aus der einen finden ihren Weg in die andere und umgekehrt, da ich mich individuell auf dich und deine Bed\u00fcrfnisse einstelle. Meine Arbeit wird auch von Shiatsu, Akupressur \/ Triggerpunkten sowie Tuina Amo beeinflusst.<\/p>\n<p>Ich bin mir bewusst, dass ich Heilk\u00fcnste anwende, die ihre Wurzeln nicht in meiner Kultur haben. Ich verpflichte mich zu einer achtsamen Herangehensweise. Ich strebe danach, ganzheitlich zu lernen und zu verstehen, die Geschichte, gewachsene Weisheit und Spiritualit\u00e4t zu ehren. Ich befinde mich auch in einem kontinuierlichen Prozess herauszufinden, wie ich etwas zur\u00fcckgeben kann. Du kannst mich gerne ansprechen (call in), wenn es angebracht ist. Ich danke dir.<\/p>\n<p>MEINE BER\u00dcHRUNG wurde als beruhigend und erdend beschrieben. Manchmal auch als &#8222;unkonventionell, aber genau das, was ich heute brauchte&#8220;. Ich genie\u00dfe es, Raum f\u00fcr dich zu halten, pr\u00e4sent zu sein, dir zu helfen, dich zu entspannen und nach innen zu gehen (wenn du das w\u00fcnschst), um deinen eigenen K\u00f6rper und deine Energie zu erkunden.<\/p>\n<p>Ich glaube, dass Anwenden\/Praktizieren ein Lernen im Tun ist, eine lebenslange Bewegung zwischen Lebewesen. Bisher habe ich gelernt und meine PRAXIS u.a. vertieft mit&#8230;<\/p>\n<ul>\n<li>Milam Matthias Horn, Geist der Liebe, Traditionelle Nuad Phaen Boran<\/li>\n<li>Robert Henderson, Thai Energy Bodywork, Emotion und Heilung im Energiek\u00f6rper<\/li>\n<li>Tobias Frank, Thai Yoga, Ber\u00fchrung von K\u00f6rper &amp; Seele<\/li>\n<li>Anja und Jana Goralski, Lomi Lomi Nui, Bonewashing und hawaiianischer Schamanismus<\/li>\n<\/ul>\n<p>Seit 2019 studiere ich an der Heilpraktikschule in Selbstverwaltung im Bethanien, Kreuzberg. Mein Schwerpunkt ist die Chinesische Medizin und Akupunktur.<\/p>\n<p>[\/et_pb_text][et_pb_text admin_label=&#8220;Text&#8220; _builder_version=&#8220;4.9.2&#8243; background_size=&#8220;initial&#8220; background_position=&#8220;top_left&#8220; background_repeat=&#8220;repeat&#8220; custom_margin=&#8220;||0px||false|false&#8220; custom_padding=&#8220;|0px|0px||false|false&#8220;]<\/p>\n<p>Einige WESENTLICHE INFORMATIONEN&#8230;<br \/>K\u00f6rperarbeit auf Basis von traditioneller Thai-Massage findet komplett bekleidet statt. Ich empfehle dir, etwas zu tragen, in dem du dich frei bewegen kannst, am besten Naturstoff, am besten mehr als eine Schicht, damit du deine Temperaturbed\u00fcrfnisse gut regulieren kannst. Ich arbeite auf einer eher d\u00fcnnen Matte auf dem Boden, bedeckt mit einer W\u00e4rmedecke, einer Decke und einem frischen Baumwolllaken. Ich benutze meinen K\u00f6rper &#8211; Finger, Handfl\u00e4chen, Ellbogen, F\u00fc\u00dfe, Knie und K\u00f6rpergewicht, \u00fcbe Druck aus, dehne dich, verbinde Bereiche.<\/p>\n<p>Ob ich ein bisschen \u00d6l f\u00fcr H\u00e4nde, F\u00fc\u00dfe oder Nacken verwende, Musik spiele oder Kr\u00e4uter r\u00e4uchere &#8211; all das geh\u00f6rt f\u00fcr mich zum Vorgespr\u00e4ch, denn ich wei\u00df, dass viele von uns allergisch oder neurodivers sind. Dar\u00fcber hinaus sprechen wir \u00fcber deine medizinische Vorgeschichte, um sicherzustellen, dass ich nur Techniken anwende, die f\u00fcr dein System k\u00f6rperlich unbedenklich sind, \u00fcber deinen aktuellen k\u00f6rperlichen sowie emotionalen \/ psychischen Zustand, soweit es dir wichtig ist, mich dar\u00fcber zu informieren, und \u00fcber deine Bed\u00fcrfnisse, Grenzen und Kommunikation w\u00e4hrend der K\u00f6rperarbeit. Gerne beantworte ich auch alle Fragen, die du ansprichst. Ich erweitere kontinuierlich meine F\u00e4higkeit, Raum zu halten und traumabewusst\/-informiert zu arbeiten.<br \/>Ein Check-in nach der K\u00f6rperarbeit, sowie ein Check-in am n\u00e4chsten Tag sind f\u00fcr mich selbstverst\u00e4ndich.<\/p>\n<p>&nbsp;<\/p>\n<p>[\/et_pb_text][et_pb_image src=&#8220;http:\/\/bodyheartsoulworker.com\/wp-content\/uploads\/2021\/02\/IMG_5966.jpg&#8220; title_text=&#8220;IMG_5966&#8243; align=&#8220;center&#8220; _builder_version=&#8220;4.9.2&#8243; _module_preset=&#8220;default&#8220; width=&#8220;46%&#8220;][\/et_pb_image][et_pb_text _builder_version=&#8220;4.9.2&#8243; _module_preset=&#8220;default&#8220; custom_padding=&#8220;||60px||false|false&#8220;]<\/p>\n<p>Lomi Lomi Nui basierte K\u00f6rperarbeit findet in der Regel unbekleidet statt, wobei deine Genitalien (immer) und dein Brustbereich (nach deiner Wahl) mit Stoff bedeckt sind. Du kannst auch einen Slip tragen, wenn dies f\u00fcr dich angenehmer ist. Ich arbeite auf einem Massagetisch, der mit warmem \u00d6l bedeckt ist, normalerweise Kokosnuss\u00f6l. (Wenn du allergisch bist, teil mir das bitte bei der Buchung mit.) Ich benutze meine H\u00e4nde und Arme bis zur Schulter, um deinen K\u00f6rper mit langen, eher weichen, eher sich wiederholenden, eher langsamen und liebevollen Bewegungen zu bearbeiten.<\/p>\n<p>Ich praktiziere mittwochs im meta:morfosis (meta &#8211; machtkritisch emanzipatorisch transdisziplin\u00e4r autonom), einem queer-feministischen Gesundheits- und Gemeinschaftsort in der N\u00e4he des Ostkreuzes. Zeiten sind von 15:00 Uhr bis zum sp\u00e4ten Abend verf\u00fcgbar.<\/p>\n<p>Wenn du es vorziehst, in deinem Zimmer\/deiner Wohnung\/deinem privaten Refugium zu sein, weil du dich dort sicherer f\u00fchlst, lieber in deiner eigenen Energie bist oder einfach nicht mehr raus in die laute und schnelle Welt willst, nachdem du langsame und erdende Ber\u00fchrung erhalten hast &#8211; ich mache auch gerne einen Hausbesuch. Wenn du einen Massagetisch besitzt, ist Lomi Lomi Nui basierte K\u00f6rperarbeit eine M\u00f6glichkeit, wenn nicht, kann ich nur Thai-Massage basierte K\u00f6rperarbeit in der mobilen Version anbieten.<\/p>\n<p>Meine Hand- oder Fu\u00dfmassagen sind viel k\u00fcrzer als regul\u00e4re Sitzungen und bieten die M\u00f6glichkeit, buchst\u00e4blich einen Finger oder gro\u00dfen Zeh einzutauchen, um das Wasser zu testen. Sie k\u00f6nnen auch Mini-Rituale der Pflege sein, die du dir selbst schenkst.<\/p>\n<p>[\/et_pb_text][et_pb_text _builder_version=&#8220;4.9.2&#8243; _module_preset=&#8220;default&#8220; hover_enabled=&#8220;0&#8243; sticky_enabled=&#8220;0&#8243;]<\/p>\n<p>KLIENT*INNENSTIMMEN<br \/><em>Ich bin so froh, dass ich mir gestern eine Thai-Bodywork Session bei dir geschenkt habe. Ich habe hervorragende 8 Stunden geschlafen und f\u00fchle mich gut erholt. <\/em><em>Du hast wirklich ein feines Gesp\u00fcr daf\u00fcr, was mensch braucht. <\/em><em>Auf dem Heimweg habe ich mich direkt &#8222;aufgerichteter&#8220;, aktiviert und energetisch &#8222;sortierter&#8220; gef\u00fchlt, und es schwingt jetzt auch noch sch\u00f6n nach. Du gute Menschin, du.&#8220;<br \/><\/em><em>J., Oktober 2020<\/em><\/p>\n<p><em><\/em><\/p>\n<p><em>Hallo Steff, ich bin h\u00f6chst entspannt aufgewacht und kringel mich immer noch wie ein tanzendes Tier durch die Gegend. Ich sitz auch ganz anders als in den letzten Wochen. Meine Bewegungsroutinen passen nicht mehr. <\/em><em>Es ist sch\u00f6n und so wunderbar befreiend, mich endlich wieder bewegen zu k\u00f6nnen und Freude daran zu haben.<br \/><\/em><em>anonym, M\u00e4rz 2020<\/em><\/p>\n<p><em><\/em><\/p>\n<p><em>Eine tolle und einf\u00fchlsame Thaimassage. Ganz auf die individuellen Bed\u00fcrfnisse zum Massagezeitpunkt abgestimmt. Toll<br \/><\/em><em>Sabine Bee Meier, September 2019<\/em><\/p>\n<p><em><\/em><\/p>\n<p><em>Steffs Massage ist sehr beruhigend und entlastend. Ich habe viel Trauma in meinem System und habe mich von Steff sehr gehalten gef\u00fchlt und in Sicherheit. Sie ist gleichzeitig achtsam und tiefgehend. Ich empfehle sie vom Herzen.<br \/><\/em><em>Magali Chas, September 2019<\/em><\/p>\n<p><em><\/em><\/p>\n<p><em>Ich hatte bisher zwei sehr wirksame Thaimassagen wegen R\u00fcckenschmerzen bei Steff &#8212; meine Blockaden haben sich gel\u00f6st. Kann ich nur empfehlen! Danke nochmal und bis bald<br \/><\/em><em>Dieter von Teese, September 2019<\/em><\/p>\n<p><em><\/em><\/p>\n<p><em>Schade, dass wir nicht mehr in der gleichen Stadt wohnen, liebe Steff!! Unsere Thaiyoga-Sessions haben mich mal erfrischt und energetisiert, dann wieder in tiefste Tr\u00e4ume und Entspannung gebracht. Deine besondere Art der Herangehensweise an die Ber\u00fchrung und auch die selbstverst\u00e4ndliche Verkn\u00fcpfung von K\u00f6rper und Emotion hat mich auf meinem Weg sehr inspiriert. Ich w\u00fcnsche dir von Herzen alles Gute f\u00fcr dein neues Business und empfehle dich sehr gerne weiter!<br \/><\/em><em>Madlen Thonhauser, September 2019<\/em><\/p>\n<p>[\/et_pb_text][\/et_pb_column][\/et_pb_row][\/et_pb_section]<\/p>\n","protected":false},"excerpt":{"rendered":"<p>Ich biete K\u00f6rperarbeit an, die entweder auf traditioneller Thai-Massage oder Lomi Lomi Nui basiert.TECHNIKEN aus der einen finden ihren Weg in die andere und umgekehrt, da ich mich individuell auf dich und deine Bed\u00fcrfnisse einstelle. Meine Arbeit wird auch von Shiatsu, Akupressur \/ Triggerpunkten sowie Tuina Amo beeinflusst. Ich bin mir bewusst, dass ich Heilk\u00fcnste [&hellip;]<\/p>\n","protected":false},"author":2,"featured_media":0,"parent":0,"menu_order":0,"comment_status":"closed","ping_status":"closed","template":"","meta":{"_et_pb_use_builder":"on","_et_pb_old_content":"<!-- wp:paragraph -->\n<p>Ich biete K\u00f6rperarbeit an, die entweder auf traditioneller Thai-Massage oder Lomi Lomi Nui basiert. TECHNIKEN aus der einen finden ihren Weg in die andere und umgekehrt, da ich mich individuell auf dich und deine Bed\u00fcrfnisse einstelle. Meine Arbeit wird auch von Shiatsu, Akupressur \/ Triggerpunkten sowie Tuina Amo beeinflusst.<\/p>\n<!-- \/wp:paragraph -->\n\n<!-- wp:paragraph -->\n<p>Ich bin mir bewusst, dass ich Heilk\u00fcnste anwende, die ihre Wurzeln nicht in meiner Kultur haben. Ich verpflichte mich zu einer achtsamen Herangehensweise. Ich strebe danach, ganzheitlich zu lernen und zu verstehen, die Geschichte, gewachsene Weisheit und Spiritualit\u00e4t zu ehren. Ich befinde mich auch in einem kontinuierlichen Prozess herauszufinden, wie ich etwas zur\u00fcckgeben kann. Du kannst mich gerne ansprechen (call in), wenn es angebracht ist. Ich danke dir.<br><br><\/p>\n<!-- \/wp:paragraph -->\n\n<!-- wp:paragraph -->\n<p>MEINE BER\u00dcHRUNG wurde als beruhigend und erdend beschrieben. Manchmal auch als \"unkonventionell, aber genau das, was ich heute brauchte\". Ich genie\u00dfe es, Raum f\u00fcr dich zu halten, pr\u00e4sent zu sein, dir zu helfen, dich zu entspannen und nach innen zu gehen (wenn du das w\u00fcnschst), um deinen eigenen K\u00f6rper und deine Energie zu erkunden.<\/p>\n<!-- \/wp:paragraph -->\n\n<!-- wp:paragraph -->\n<p>Ich glaube, dass Anwenden\/Praktizieren ein Lernen im Tun ist, eine lebenslange Bewegung zwischen Lebewesen. Bisher habe ich gelernt und meine PRAXIS u.a. vertieft mit...<\/p>\n<!-- \/wp:paragraph -->\n\n<!-- wp:list -->\n<ul><li>Milam Matthias Horn, Geist der Liebe, Traditionelle Nuad Phaen Boran<\/li><li>Robert Henderson, Thai Energy Bodywork, Emotion und Heilung im Energiek\u00f6rper<\/li><li>Tobias Frank, Thai Yoga, Ber\u00fchrung von K\u00f6rper &amp; Seele<\/li><li>Anja und Jana Goralski, Lomi Lomi Nui, Bonewashing und hawaiianischer Schamanismus<\/li><\/ul>\n<!-- \/wp:list -->\n\n<!-- wp:paragraph -->\n<p>Seit 2019 studiere ich an der Heilpraktikschule in Selbstverwaltung im Bethanien, Kreuzberg. Mein Schwerpunkt ist die Chinesische Medizin und Akupunktur.<\/p>\n<!-- \/wp:paragraph -->\n\n<!-- wp:paragraph -->\n<p>Einige WESENTLICHE INFORMATIONEN...<\/p>\n<!-- \/wp:paragraph -->\n\n<!-- wp:paragraph -->\n<p>K\u00f6rperarbeit auf Basis von traditioneller Thai-Massage findet komplett bekleidet statt. Ich empfehle dir, etwas zu tragen, in dem du dich frei bewegen kannst, am besten Naturstoff, am besten mehr als eine Schicht, damit du deine Temperaturbed\u00fcrfnisse gut regulieren kannst. Ich arbeite auf einer eher d\u00fcnnen Matte auf dem Boden, bedeckt mit einer W\u00e4rmedecke, einer Decke und einem frischen Baumwolllaken. Ich benutze meinen K\u00f6rper - Finger, Handfl\u00e4chen, Ellbogen, F\u00fc\u00dfe, Knie und K\u00f6rpergewicht, \u00fcbe Druck aus, dehne dich, verbinde Bereiche.<\/p>\n<!-- \/wp:paragraph -->\n\n<!-- wp:paragraph -->\n<p>Ob ich ein bisschen \u00d6l f\u00fcr H\u00e4nde, F\u00fc\u00dfe oder Nacken verwende, Musik spiele oder Kr\u00e4uter r\u00e4uchere - all das geh\u00f6rt f\u00fcr mich zum Vorgespr\u00e4ch, denn ich wei\u00df, dass viele von uns allergisch oder neurodivers sind. Dar\u00fcber hinaus sprechen wir \u00fcber deine medizinische Vorgeschichte, um sicherzustellen, dass ich nur Techniken anwende, die f\u00fcr dein System k\u00f6rperlich unbedenklich sind, \u00fcber deinen aktuellen k\u00f6rperlichen sowie emotionalen \/ psychischen Zustand, soweit es dir wichtig ist, mich dar\u00fcber zu informieren, und \u00fcber deine Bed\u00fcrfnisse, Grenzen und Kommunikation w\u00e4hrend der K\u00f6rperarbeit. Gerne beantworte ich auch alle Fragen, die du ansprichst. Ich erweitere kontinuierlich meine F\u00e4higkeit, Raum zu halten und traumabewusst\/-informiert zu arbeiten.<\/p>\n<!-- \/wp:paragraph -->\n\n<!-- wp:paragraph -->\n<p>Ein Check-in nach der K\u00f6rperarbeit, sowie ein Check-in am n\u00e4chsten Tag sind f\u00fcr mich selbstverst\u00e4ndich.<\/p>\n<!-- \/wp:paragraph -->\n\n<!-- wp:paragraph -->\n<p>Lomi Lomi Nui basierte K\u00f6rperarbeit findet in der Regel unbekleidet statt, wobei deine Genitalien (immer) und dein Brustbereich (nach deiner Wahl) mit Stoff bedeckt sind. Du kannst auch einen Slip tragen, wenn dies f\u00fcr dich angenehmer ist. Ich arbeite auf einem Massagetisch, der mit warmem \u00d6l bedeckt ist, normalerweise Kokosnuss\u00f6l. (Wenn du allergisch bist, teil mir das bitte bei der Buchung mit.) Ich benutze meine H\u00e4nde und Arme bis zur Schulter, um deinen K\u00f6rper mit langen, eher weichen, eher sich wiederholenden, eher langsamen und liebevollen Bewegungen zu bearbeiten.<\/p>\n<!-- \/wp:paragraph -->\n\n<!-- wp:paragraph -->\n<p>Ich praktiziere mittwochs im meta:morfosis (meta - machtkritisch emanzipatorisch transdisziplin\u00e4r autonom), einem queer-feministischen Gesundheits- und Gemeinschaftsort in der N\u00e4he des Ostkreuzes. Zeiten sind von 15:00 Uhr bis zum sp\u00e4ten Abend verf\u00fcgbar.<\/p>\n<!-- \/wp:paragraph -->\n\n<!-- wp:paragraph -->\n<p>Wenn du es vorziehst, in deinem Zimmer\/deiner Wohnung\/deinem privaten Refugium zu sein, weil du dich dort sicherer f\u00fchlst, lieber in deiner eigenen Energie bist oder einfach nicht mehr raus in die laute und schnelle Welt willst, nachdem du langsame und erdende Ber\u00fchrung erhalten hast - ich mache auch gerne einen Hausbesuch. Wenn du einen Massagetisch besitzt, ist Lomi Lomi Nui basierte K\u00f6rperarbeit eine M\u00f6glichkeit, wenn nicht, kann ich nur Thai-Massage basierte K\u00f6rperarbeit in der mobilen Version anbieten.<\/p>\n<!-- \/wp:paragraph -->\n\n<!-- wp:paragraph -->\n<p>Meine Hand- oder Fu\u00dfmassagen sind viel k\u00fcrzer als regul\u00e4re Sitzungen und bieten die M\u00f6glichkeit, buchst\u00e4blich einen Finger oder gro\u00dfen Zeh einzutauchen, um das Wasser zu testen. Sie k\u00f6nnen auch Mini-Rituale der Pflege sein, die du dir selbst schenkst.<\/p>\n<!-- \/wp:paragraph -->\n\n<!-- wp:paragraph -->\n<p>KLIENT*INNENSTIMMEN<em><br>Ich bin so froh, dass ich mir gestern eine Thai-Bodywork Session bei dir geschenkt habe. Ich habe hervorragende 8 Stunden geschlafen und f\u00fchle mich gut erholt.<\/em><\/p>\n<!-- \/wp:paragraph -->\n\n<!-- wp:paragraph -->\n<p><em>Du hast wirklich ein feines Gesp\u00fcr daf\u00fcr, was mensch braucht.<\/em><\/p>\n<!-- \/wp:paragraph -->\n\n<!-- wp:paragraph -->\n<p><em>Auf dem Heimweg habe ich mich direkt \"aufgerichteter\", aktiviert und energetisch \"sortierter\" gef\u00fchlt, und es schwingt jetzt auch noch sch\u00f6n nach. Du gute Menschin, du.\"<\/em><\/p>\n<!-- \/wp:paragraph -->\n\n<!-- wp:paragraph -->\n<p><em>J., Oktober 2020<\/em><\/p>\n<!-- \/wp:paragraph -->\n\n<!-- wp:paragraph -->\n<p><em>Hallo Steff, ich bin h\u00f6chst entspannt aufgewacht und kringel mich immer noch wie ein tanzendes Tier durch die Gegend. Ich sitz auch ganz anders als in den letzten Wochen. Meine Bewegungsroutinen passen nicht mehr.<\/em><\/p>\n<!-- \/wp:paragraph -->\n\n<!-- wp:paragraph -->\n<p><em>Es ist sch\u00f6n und so wunderbar befreiend, mich endlich wieder bewegen zu k\u00f6nnen und Freude daran zu haben.<\/em><\/p>\n<!-- \/wp:paragraph -->\n\n<!-- wp:paragraph -->\n<p><em>anonym, M\u00e4rz 2020<\/em><\/p>\n<!-- \/wp:paragraph -->\n\n<!-- wp:paragraph -->\n<p><em><br>Eine tolle und einf\u00fchlsame Thaimassage. Ganz auf die individuellen Bed\u00fcrfnisse zum Massagezeitpunkt abgestimmt. Toll<\/em><\/p>\n<!-- \/wp:paragraph -->\n\n<!-- wp:paragraph -->\n<p><em>Sabine Bee Meier, September 2019<\/em><\/p>\n<!-- \/wp:paragraph -->\n\n<!-- wp:paragraph -->\n<p><em><br>Steffs Massage ist sehr beruhigend und entlastend. Ich habe viel Trauma in meinem System und habe mich von Steff sehr gehalten gef\u00fchlt und in Sicherheit. Sie ist gleichzeitig achtsam und tiefgehend. Ich empfehle sie vom Herzen.<\/em><\/p>\n<!-- \/wp:paragraph -->\n\n<!-- wp:paragraph -->\n<p><em>Magali Chas, September 2019<\/em><\/p>\n<!-- \/wp:paragraph -->\n\n<!-- wp:paragraph -->\n<p><em><br>Ich hatte bisher zwei sehr wirksame Thaimassagen wegen R\u00fcckenschmerzen bei Steff -- meine Blockaden haben sich gel\u00f6st. Kann ich nur empfehlen! Danke nochmal und bis bald<\/em><\/p>\n<!-- \/wp:paragraph -->\n\n<!-- wp:paragraph -->\n<p><em>Dieter von Teese, September 2019<\/em><\/p>\n<!-- \/wp:paragraph -->\n\n<!-- wp:paragraph -->\n<p><em>Schade, dass wir nicht mehr in der gleichen Stadt wohnen, liebe Steff!! Unsere Thaiyoga-Sessions haben mich mal erfrischt und energetisiert, dann wieder in tiefste Tr\u00e4ume und Entspannung gebracht. Deine besondere Art der Herangehensweise an die Ber\u00fchrung und auch die selbstverst\u00e4ndliche Verkn\u00fcpfung von K\u00f6rper und Emotion hat mich auf meinem Weg sehr inspiriert. Ich w\u00fcnsche dir von Herzen alles Gute f\u00fcr dein neues Business und empfehle dich sehr gerne weiter!<\/em><\/p>\n<!-- \/wp:paragraph -->\n\n<!-- wp:paragraph -->\n<p><em>Madlen Thonhauser, September 2019<\/em><\/p>\n<!-- \/wp:paragraph -->","_et_gb_content_width":"","footnotes":""},"class_list":["post-214","page","type-page","status-publish","hentry"],"yoast_head":"<!-- This site is optimized with the Yoast SEO plugin v27.5 - https:\/\/yoast.com\/product\/yoast-seo-wordpress\/ -->\n<title>K\u00f6rperarbeit - bodyheartsoulworker<\/title>\n<meta name=\"robots\" content=\"index, follow, max-snippet:-1, max-image-preview:large, max-video-preview:-1\" \/>\n<link rel=\"canonical\" href=\"https:\/\/bodyheartsoulworker.com\/de\/korperarbeit\/\" \/>\n<meta property=\"og:locale\" content=\"de_DE\" \/>\n<meta property=\"og:type\" content=\"article\" \/>\n<meta property=\"og:title\" content=\"K\u00f6rperarbeit - bodyheartsoulworker\" \/>\n<meta property=\"og:description\" content=\"Ich biete K\u00f6rperarbeit an, die entweder auf traditioneller Thai-Massage oder Lomi Lomi Nui basiert.TECHNIKEN aus der einen finden ihren Weg in die andere und umgekehrt, da ich mich individuell auf dich und deine Bed\u00fcrfnisse einstelle. Meine Arbeit wird auch von Shiatsu, Akupressur \/ Triggerpunkten sowie Tuina Amo beeinflusst. Ich bin mir bewusst, dass ich Heilk\u00fcnste [&hellip;]\" \/>\n<meta property=\"og:url\" content=\"https:\/\/bodyheartsoulworker.com\/de\/korperarbeit\/\" \/>\n<meta property=\"og:site_name\" content=\"bodyheartsoulworker\" \/>\n<meta property=\"article:modified_time\" content=\"2021-03-20T12:12:09+00:00\" \/>\n<meta name=\"twitter:card\" content=\"summary_large_image\" \/>\n<meta name=\"twitter:label1\" content=\"Gesch\u00e4tzte Lesezeit\" \/>\n\t<meta name=\"twitter:data1\" content=\"5\u00a0Minuten\" \/>\n<script type=\"application\/ld+json\" class=\"yoast-schema-graph\">{\"@context\":\"https:\\\/\\\/schema.org\",\"@graph\":[{\"@type\":\"WebPage\",\"@id\":\"https:\\\/\\\/bodyheartsoulworker.com\\\/de\\\/korperarbeit\\\/\",\"url\":\"https:\\\/\\\/bodyheartsoulworker.com\\\/de\\\/korperarbeit\\\/\",\"name\":\"K\u00f6rperarbeit - bodyheartsoulworker\",\"isPartOf\":{\"@id\":\"https:\\\/\\\/bodyheartsoulworker.com\\\/#website\"},\"datePublished\":\"2021-01-05T14:47:04+00:00\",\"dateModified\":\"2021-03-20T12:12:09+00:00\",\"breadcrumb\":{\"@id\":\"https:\\\/\\\/bodyheartsoulworker.com\\\/de\\\/korperarbeit\\\/#breadcrumb\"},\"inLanguage\":\"de\",\"potentialAction\":[{\"@type\":\"ReadAction\",\"target\":[\"https:\\\/\\\/bodyheartsoulworker.com\\\/de\\\/korperarbeit\\\/\"]}]},{\"@type\":\"BreadcrumbList\",\"@id\":\"https:\\\/\\\/bodyheartsoulworker.com\\\/de\\\/korperarbeit\\\/#breadcrumb\",\"itemListElement\":[{\"@type\":\"ListItem\",\"position\":1,\"name\":\"Home\",\"item\":\"https:\\\/\\\/bodyheartsoulworker.com\\\/de\\\/\"},{\"@type\":\"ListItem\",\"position\":2,\"name\":\"K\u00f6rperarbeit\"}]},{\"@type\":\"WebSite\",\"@id\":\"https:\\\/\\\/bodyheartsoulworker.com\\\/#website\",\"url\":\"https:\\\/\\\/bodyheartsoulworker.com\\\/\",\"name\":\"bodyheartsoulworker\",\"description\":\"bodyheartsoulwork for womxn lesbian inter trans nonbinary people, located in Berlin, Germany\",\"potentialAction\":[{\"@type\":\"SearchAction\",\"target\":{\"@type\":\"EntryPoint\",\"urlTemplate\":\"https:\\\/\\\/bodyheartsoulworker.com\\\/?s={search_term_string}\"},\"query-input\":{\"@type\":\"PropertyValueSpecification\",\"valueRequired\":true,\"valueName\":\"search_term_string\"}}],\"inLanguage\":\"de\"}]}<\/script>\n<!-- \/ Yoast SEO plugin. -->","yoast_head_json":{"title":"K\u00f6rperarbeit - bodyheartsoulworker","robots":{"index":"index","follow":"follow","max-snippet":"max-snippet:-1","max-image-preview":"max-image-preview:large","max-video-preview":"max-video-preview:-1"},"canonical":"https:\/\/bodyheartsoulworker.com\/de\/korperarbeit\/","og_locale":"de_DE","og_type":"article","og_title":"K\u00f6rperarbeit - bodyheartsoulworker","og_description":"Ich biete K\u00f6rperarbeit an, die entweder auf traditioneller Thai-Massage oder Lomi Lomi Nui basiert.TECHNIKEN aus der einen finden ihren Weg in die andere und umgekehrt, da ich mich individuell auf dich und deine Bed\u00fcrfnisse einstelle. Meine Arbeit wird auch von Shiatsu, Akupressur \/ Triggerpunkten sowie Tuina Amo beeinflusst. Ich bin mir bewusst, dass ich Heilk\u00fcnste [&hellip;]","og_url":"https:\/\/bodyheartsoulworker.com\/de\/korperarbeit\/","og_site_name":"bodyheartsoulworker","article_modified_time":"2021-03-20T12:12:09+00:00","twitter_card":"summary_large_image","twitter_misc":{"Gesch\u00e4tzte Lesezeit":"5\u00a0Minuten"},"schema":{"@context":"https:\/\/schema.org","@graph":[{"@type":"WebPage","@id":"https:\/\/bodyheartsoulworker.com\/de\/korperarbeit\/","url":"https:\/\/bodyheartsoulworker.com\/de\/korperarbeit\/","name":"K\u00f6rperarbeit - bodyheartsoulworker","isPartOf":{"@id":"https:\/\/bodyheartsoulworker.com\/#website"},"datePublished":"2021-01-05T14:47:04+00:00","dateModified":"2021-03-20T12:12:09+00:00","breadcrumb":{"@id":"https:\/\/bodyheartsoulworker.com\/de\/korperarbeit\/#breadcrumb"},"inLanguage":"de","potentialAction":[{"@type":"ReadAction","target":["https:\/\/bodyheartsoulworker.com\/de\/korperarbeit\/"]}]},{"@type":"BreadcrumbList","@id":"https:\/\/bodyheartsoulworker.com\/de\/korperarbeit\/#breadcrumb","itemListElement":[{"@type":"ListItem","position":1,"name":"Home","item":"https:\/\/bodyheartsoulworker.com\/de\/"},{"@type":"ListItem","position":2,"name":"K\u00f6rperarbeit"}]},{"@type":"WebSite","@id":"https:\/\/bodyheartsoulworker.com\/#website","url":"https:\/\/bodyheartsoulworker.com\/","name":"bodyheartsoulworker","description":"bodyheartsoulwork for womxn lesbian inter trans nonbinary people, located in Berlin, Germany","potentialAction":[{"@type":"SearchAction","target":{"@type":"EntryPoint","urlTemplate":"https:\/\/bodyheartsoulworker.com\/?s={search_term_string}"},"query-input":{"@type":"PropertyValueSpecification","valueRequired":true,"valueName":"search_term_string"}}],"inLanguage":"de"}]}},"_links":{"self":[{"href":"https:\/\/bodyheartsoulworker.com\/de\/wp-json\/wp\/v2\/pages\/214","targetHints":{"allow":["GET"]}}],"collection":[{"href":"https:\/\/bodyheartsoulworker.com\/de\/wp-json\/wp\/v2\/pages"}],"about":[{"href":"https:\/\/bodyheartsoulworker.com\/de\/wp-json\/wp\/v2\/types\/page"}],"author":[{"embeddable":true,"href":"https:\/\/bodyheartsoulworker.com\/de\/wp-json\/wp\/v2\/users\/2"}],"replies":[{"embeddable":true,"href":"https:\/\/bodyheartsoulworker.com\/de\/wp-json\/wp\/v2\/comments?post=214"}],"version-history":[{"count":19,"href":"https:\/\/bodyheartsoulworker.com\/de\/wp-json\/wp\/v2\/pages\/214\/revisions"}],"predecessor-version":[{"id":895,"href":"https:\/\/bodyheartsoulworker.com\/de\/wp-json\/wp\/v2\/pages\/214\/revisions\/895"}],"wp:attachment":[{"href":"https:\/\/bodyheartsoulworker.com\/de\/wp-json\/wp\/v2\/media?parent=214"}],"curies":[{"name":"wp","href":"https:\/\/api.w.org\/{rel}","templated":true}]}}