{"id":434,"date":"2021-03-03T14:14:42","date_gmt":"2021-03-03T14:14:42","guid":{"rendered":"https:\/\/bodyheartsoulworker.com\/contact\/"},"modified":"2024-07-01T15:14:02","modified_gmt":"2024-07-01T13:14:02","slug":"contact","status":"publish","type":"page","link":"https:\/\/bodyheartsoulworker.com\/de\/contact\/","title":{"rendered":"Kontakt"},"content":{"rendered":"<p>[et_pb_section fb_built=&#8220;1&#8243; fullwidth=&#8220;on&#8220; admin_label=&#8220;Section&#8220; _builder_version=&#8220;4.9.0&#8243; _module_preset=&#8220;default&#8220;][et_pb_fullwidth_post_title meta=&#8220;off&#8220; featured_image=&#8220;off&#8220; text_color=&#8220;light&#8220; admin_label=&#8220;Fullwidth Post Title&#8220; _builder_version=&#8220;4.9.2&#8243; _module_preset=&#8220;default&#8220; title_font_size=&#8220;50px&#8220; background_image=&#8220;http:\/\/bodyheartsoulworker.com\/wp-content\/uploads\/2021\/03\/IMG_5640.jpg&#8220; height=&#8220;300px&#8220; title_text_shadow_style=&#8220;preset3&#8243; title_text_shadow_color=&#8220;#000000&#8243; text_shadow_style=&#8220;preset3&#8243; text_shadow_blur_strength=&#8220;0.29em&#8220; text_shadow_color=&#8220;#000000&#8243;][\/et_pb_fullwidth_post_title][\/et_pb_section][et_pb_section fb_built=&#8220;1&#8243; _builder_version=&#8220;4.9.0&#8243; _module_preset=&#8220;default&#8220;][et_pb_row _builder_version=&#8220;4.9.0&#8243; _module_preset=&#8220;default&#8220;][et_pb_column type=&#8220;4_4&#8243; _builder_version=&#8220;4.9.0&#8243; _module_preset=&#8220;default&#8220;][et_pb_text _builder_version=&#8220;4.9.2&#8243; _module_preset=&#8220;default&#8220; custom_padding=&#8220;3px||||false|false&#8220;]<\/p>\n<p>Vielen Dank f\u00fcr deine Absicht, mich zu kontaktieren!<\/p>\n<p>Gerne beantworte ich deine Fragen, nehme eine Buchungsanfrage entgegen oder spreche \u00fcber Kollaborationen.<br \/>Bitte schreib mir eine E-Mail an bodyheartsoulworker(at)gmx.de oder nutze das Kontaktformular. Hinterlass eine Telefonnummer und deine bevorzugte zeitliche Erreichbarkeit, wenn du dir ein Telefongespr\u00e4ch w\u00fcnschst.<\/p>\n<p>Wenn du dich f\u00fcr meine aktuellen Angebote, kreativen Ausbr\u00fcche, Schnappsch\u00fcsse aus meinem Leben und meiner Entwicklung interessierst oder mich einfach nur mal auschecken willst, bevor du mit mir arbeitest, dann ist <span><a href=\"https:\/\/linktr.ee\/bodyheartsoulworkerhttps:\/\/linktr.ee\/bodyheartsoulworker\" target=\"_blank\" rel=\"noopener\">https:\/\/linktr.ee\/bodyheartsoulworker<\/a><\/span> der richtige Weg f\u00fcr dich. Hier findenst du auch meine Social-Media-Pr\u00e4senzen.<\/p>\n<p>[\/et_pb_text][\/et_pb_column][\/et_pb_row][\/et_pb_section]<\/p>\n","protected":false},"excerpt":{"rendered":"<p>Vielen Dank f\u00fcr deine Absicht, mich zu kontaktieren! Gerne beantworte ich deine Fragen, nehme eine Buchungsanfrage entgegen oder spreche \u00fcber Kollaborationen.Bitte schreib mir eine E-Mail an bodyheartsoulworker(at)gmx.de oder nutze das Kontaktformular. Hinterlass eine Telefonnummer und deine bevorzugte zeitliche Erreichbarkeit, wenn du dir ein Telefongespr\u00e4ch w\u00fcnschst. Wenn du dich f\u00fcr meine aktuellen Angebote, kreativen Ausbr\u00fcche, Schnappsch\u00fcsse [&hellip;]<\/p>\n","protected":false},"author":2,"featured_media":0,"parent":0,"menu_order":0,"comment_status":"closed","ping_status":"closed","template":"","meta":{"_et_pb_use_builder":"on","_et_pb_old_content":"","_et_gb_content_width":"","footnotes":""},"class_list":["post-434","page","type-page","status-publish","hentry"],"yoast_head":"<!-- This site is optimized with the Yoast SEO plugin v27.5 - https:\/\/yoast.com\/product\/yoast-seo-wordpress\/ -->\n<title>Kontakt - bodyheartsoulworker<\/title>\n<meta name=\"robots\" content=\"index, follow, max-snippet:-1, max-image-preview:large, max-video-preview:-1\" \/>\n<link rel=\"canonical\" href=\"https:\/\/bodyheartsoulworker.com\/de\/contact\/\" \/>\n<meta property=\"og:locale\" content=\"de_DE\" \/>\n<meta property=\"og:type\" content=\"article\" \/>\n<meta property=\"og:title\" content=\"Kontakt - bodyheartsoulworker\" \/>\n<meta property=\"og:description\" content=\"Vielen Dank f\u00fcr deine Absicht, mich zu kontaktieren! Gerne beantworte ich deine Fragen, nehme eine Buchungsanfrage entgegen oder spreche \u00fcber Kollaborationen.Bitte schreib mir eine E-Mail an bodyheartsoulworker(at)gmx.de oder nutze das Kontaktformular. Hinterlass eine Telefonnummer und deine bevorzugte zeitliche Erreichbarkeit, wenn du dir ein Telefongespr\u00e4ch w\u00fcnschst. Wenn du dich f\u00fcr meine aktuellen Angebote, kreativen Ausbr\u00fcche, Schnappsch\u00fcsse [&hellip;]\" \/>\n<meta property=\"og:url\" content=\"https:\/\/bodyheartsoulworker.com\/de\/contact\/\" \/>\n<meta property=\"og:site_name\" content=\"bodyheartsoulworker\" \/>\n<meta property=\"article:modified_time\" content=\"2024-07-01T13:14:02+00:00\" \/>\n<meta name=\"twitter:card\" content=\"summary_large_image\" \/>\n<meta name=\"twitter:label1\" content=\"Gesch\u00e4tzte Lesezeit\" \/>\n\t<meta name=\"twitter:data1\" content=\"1\u00a0Minute\" \/>\n<script type=\"application\/ld+json\" class=\"yoast-schema-graph\">{\"@context\":\"https:\\\/\\\/schema.org\",\"@graph\":[{\"@type\":\"WebPage\",\"@id\":\"https:\\\/\\\/bodyheartsoulworker.com\\\/de\\\/contact\\\/\",\"url\":\"https:\\\/\\\/bodyheartsoulworker.com\\\/de\\\/contact\\\/\",\"name\":\"Kontakt - bodyheartsoulworker\",\"isPartOf\":{\"@id\":\"https:\\\/\\\/bodyheartsoulworker.com\\\/#website\"},\"datePublished\":\"2021-03-03T14:14:42+00:00\",\"dateModified\":\"2024-07-01T13:14:02+00:00\",\"breadcrumb\":{\"@id\":\"https:\\\/\\\/bodyheartsoulworker.com\\\/de\\\/contact\\\/#breadcrumb\"},\"inLanguage\":\"de\",\"potentialAction\":[{\"@type\":\"ReadAction\",\"target\":[\"https:\\\/\\\/bodyheartsoulworker.com\\\/de\\\/contact\\\/\"]}]},{\"@type\":\"BreadcrumbList\",\"@id\":\"https:\\\/\\\/bodyheartsoulworker.com\\\/de\\\/contact\\\/#breadcrumb\",\"itemListElement\":[{\"@type\":\"ListItem\",\"position\":1,\"name\":\"Home\",\"item\":\"https:\\\/\\\/bodyheartsoulworker.com\\\/de\\\/\"},{\"@type\":\"ListItem\",\"position\":2,\"name\":\"Kontakt\"}]},{\"@type\":\"WebSite\",\"@id\":\"https:\\\/\\\/bodyheartsoulworker.com\\\/#website\",\"url\":\"https:\\\/\\\/bodyheartsoulworker.com\\\/\",\"name\":\"bodyheartsoulworker\",\"description\":\"bodyheartsoulwork for womxn lesbian inter trans nonbinary people, located in Berlin, Germany\",\"potentialAction\":[{\"@type\":\"SearchAction\",\"target\":{\"@type\":\"EntryPoint\",\"urlTemplate\":\"https:\\\/\\\/bodyheartsoulworker.com\\\/?s={search_term_string}\"},\"query-input\":{\"@type\":\"PropertyValueSpecification\",\"valueRequired\":true,\"valueName\":\"search_term_string\"}}],\"inLanguage\":\"de\"}]}<\/script>\n<!-- \/ Yoast SEO plugin. -->","yoast_head_json":{"title":"Kontakt - bodyheartsoulworker","robots":{"index":"index","follow":"follow","max-snippet":"max-snippet:-1","max-image-preview":"max-image-preview:large","max-video-preview":"max-video-preview:-1"},"canonical":"https:\/\/bodyheartsoulworker.com\/de\/contact\/","og_locale":"de_DE","og_type":"article","og_title":"Kontakt - bodyheartsoulworker","og_description":"Vielen Dank f\u00fcr deine Absicht, mich zu kontaktieren! Gerne beantworte ich deine Fragen, nehme eine Buchungsanfrage entgegen oder spreche \u00fcber Kollaborationen.Bitte schreib mir eine E-Mail an bodyheartsoulworker(at)gmx.de oder nutze das Kontaktformular. Hinterlass eine Telefonnummer und deine bevorzugte zeitliche Erreichbarkeit, wenn du dir ein Telefongespr\u00e4ch w\u00fcnschst. Wenn du dich f\u00fcr meine aktuellen Angebote, kreativen Ausbr\u00fcche, Schnappsch\u00fcsse [&hellip;]","og_url":"https:\/\/bodyheartsoulworker.com\/de\/contact\/","og_site_name":"bodyheartsoulworker","article_modified_time":"2024-07-01T13:14:02+00:00","twitter_card":"summary_large_image","twitter_misc":{"Gesch\u00e4tzte Lesezeit":"1\u00a0Minute"},"schema":{"@context":"https:\/\/schema.org","@graph":[{"@type":"WebPage","@id":"https:\/\/bodyheartsoulworker.com\/de\/contact\/","url":"https:\/\/bodyheartsoulworker.com\/de\/contact\/","name":"Kontakt - bodyheartsoulworker","isPartOf":{"@id":"https:\/\/bodyheartsoulworker.com\/#website"},"datePublished":"2021-03-03T14:14:42+00:00","dateModified":"2024-07-01T13:14:02+00:00","breadcrumb":{"@id":"https:\/\/bodyheartsoulworker.com\/de\/contact\/#breadcrumb"},"inLanguage":"de","potentialAction":[{"@type":"ReadAction","target":["https:\/\/bodyheartsoulworker.com\/de\/contact\/"]}]},{"@type":"BreadcrumbList","@id":"https:\/\/bodyheartsoulworker.com\/de\/contact\/#breadcrumb","itemListElement":[{"@type":"ListItem","position":1,"name":"Home","item":"https:\/\/bodyheartsoulworker.com\/de\/"},{"@type":"ListItem","position":2,"name":"Kontakt"}]},{"@type":"WebSite","@id":"https:\/\/bodyheartsoulworker.com\/#website","url":"https:\/\/bodyheartsoulworker.com\/","name":"bodyheartsoulworker","description":"bodyheartsoulwork for womxn lesbian inter trans nonbinary people, located in Berlin, Germany","potentialAction":[{"@type":"SearchAction","target":{"@type":"EntryPoint","urlTemplate":"https:\/\/bodyheartsoulworker.com\/?s={search_term_string}"},"query-input":{"@type":"PropertyValueSpecification","valueRequired":true,"valueName":"search_term_string"}}],"inLanguage":"de"}]}},"_links":{"self":[{"href":"https:\/\/bodyheartsoulworker.com\/de\/wp-json\/wp\/v2\/pages\/434","targetHints":{"allow":["GET"]}}],"collection":[{"href":"https:\/\/bodyheartsoulworker.com\/de\/wp-json\/wp\/v2\/pages"}],"about":[{"href":"https:\/\/bodyheartsoulworker.com\/de\/wp-json\/wp\/v2\/types\/page"}],"author":[{"embeddable":true,"href":"https:\/\/bodyheartsoulworker.com\/de\/wp-json\/wp\/v2\/users\/2"}],"replies":[{"embeddable":true,"href":"https:\/\/bodyheartsoulworker.com\/de\/wp-json\/wp\/v2\/comments?post=434"}],"version-history":[{"count":11,"href":"https:\/\/bodyheartsoulworker.com\/de\/wp-json\/wp\/v2\/pages\/434\/revisions"}],"predecessor-version":[{"id":930,"href":"https:\/\/bodyheartsoulworker.com\/de\/wp-json\/wp\/v2\/pages\/434\/revisions\/930"}],"wp:attachment":[{"href":"https:\/\/bodyheartsoulworker.com\/de\/wp-json\/wp\/v2\/media?parent=434"}],"curies":[{"name":"wp","href":"https:\/\/api.w.org\/{rel}","templated":true}]}}