{"id":452,"date":"2021-03-03T14:30:29","date_gmt":"2021-03-03T14:30:29","guid":{"rendered":"https:\/\/bodyheartsoulworker.com\/prices\/"},"modified":"2023-12-19T08:46:19","modified_gmt":"2023-12-19T07:46:19","slug":"preise","status":"publish","type":"page","link":"https:\/\/bodyheartsoulworker.com\/de\/preise\/","title":{"rendered":"Preise"},"content":{"rendered":"<p>[et_pb_section fb_built=&#8220;1&#8243; fullwidth=&#8220;on&#8220; admin_label=&#8220;Section&#8220; _builder_version=&#8220;4.16&#8243; _module_preset=&#8220;default&#8220; global_colors_info=&#8220;{}&#8220;][et_pb_fullwidth_post_title meta=&#8220;off&#8220; featured_image=&#8220;off&#8220; text_color=&#8220;light&#8220; admin_label=&#8220;Fullwidth Post Title&#8220; _builder_version=&#8220;4.16&#8243; _module_preset=&#8220;default&#8220; title_font_size=&#8220;50px&#8220; background_image=&#8220;http:\/\/bodyheartsoulworker.com\/wp-content\/uploads\/2021\/03\/IMG_7051-2.jpg&#8220; height=&#8220;300px&#8220; title_text_shadow_style=&#8220;preset3&#8243; title_text_shadow_color=&#8220;#000000&#8243; text_shadow_style=&#8220;preset3&#8243; text_shadow_blur_strength=&#8220;0.29em&#8220; text_shadow_color=&#8220;#000000&#8243; global_colors_info=&#8220;{}&#8220;][\/et_pb_fullwidth_post_title][\/et_pb_section][et_pb_section fb_built=&#8220;1&#8243; _builder_version=&#8220;4.16&#8243; _module_preset=&#8220;default&#8220; global_colors_info=&#8220;{}&#8220;][et_pb_row _builder_version=&#8220;4.16&#8243; _module_preset=&#8220;default&#8220; global_colors_info=&#8220;{}&#8220;][et_pb_column type=&#8220;4_4&#8243; _builder_version=&#8220;4.16&#8243; _module_preset=&#8220;default&#8220; global_colors_info=&#8220;{}&#8220;][et_pb_text _builder_version=&#8220;4.23.1&#8243; _module_preset=&#8220;default&#8220; hover_enabled=&#8220;0&#8243; global_colors_info=&#8220;{}&#8220; sticky_enabled=&#8220;0&#8243;]<\/p>\n<h2><span><b>Preise<\/b><\/span><\/h2>\n<div class=\"et_pb_row et_pb_row_0\">\n<div class=\"et_pb_column et_pb_column_4_4 et_pb_column_0  et_pb_css_mix_blend_mode_passthrough et-last-child\">\n<div class=\"et_pb_module et_pb_text et_pb_text_0  et_pb_text_align_left et_pb_bg_layout_light\">\n<div class=\"et_pb_text_inner\">\n<p><span>Um meine Angebote zug\u00e4nglich zu halten, verwende ich f\u00fcr fast alles\u00a0ein gestaffeltes System. Bitte w\u00e4hle je nach deinen finanziellen M\u00f6glichkeiten.<\/span><\/p>\n<p>&nbsp;<\/p>\n<p><span><b>(somatische) K\u00f6rperarbeit <\/b>| 90 Minuten<\/span><br \/><span>Standard: 70\u20ac | Spende: mindestens 30\u20ac | Unterst\u00fctzer*in: 85\u20ac<\/p>\n<p><b>\u00d6l Massage f\u00fcr Wohlbefinden <\/b>| 45 Minuten<br \/>Standard: 55\u20ac<\/span><\/p>\n<p><span><b>Lomi Lomi Nui Ritual<\/b> | ca. 2,5-3 Std. einschliesslich Vorgespr\u00e4ch und Zeit zum Landen danach<\/span><br \/><span>Standard: 130\u20ac<\/span><\/p>\n<p><span><strong>Hand oder Fu\u00df Massage<\/strong>\u00a0| 30 Minuten<br \/>Standard: 25\u20ac | Spende: mindestens\u00a015\u20ac |\u00a0Unterst\u00fctzer*in: 35\u20ac <\/span><\/p>\n<p><span><b>somatisches\u00a0Coaching<\/b>\u00a0| 60 Min.<\/span><br \/><span>Standard: 45\u20ac | Spende: mindestens\u00a025\u20ac |\u00a0Unterst\u00fctzer*in: 65\u20ac<\/span><span> <\/span><\/p>\n<p><span><b>somatisches\u00a0\u00a0Wohlbefinden\u00a0<\/b>| individuell\u00a0miteinander gestaltete Session, z.B. gehalten werden oder vorgelesen bekommen<\/span><br \/><span>Preis auf Anfrage<\/span><\/p>\n<p>&nbsp;<\/p>\n<p><span>Es gibt auch kostenfreie Termine f\u00fcr alles, was ich anbiete. Sie sind f\u00fcr Menschen aus marginalisierten Gemeinschaften gedacht, die aufgrund von Unterdr\u00fcckungssystemen keinen\/weniger Zugang zu generationen\u00fcbergreifendem Reichtum und\/oder weniger Zugang zu institutionellen Unterst\u00fctzungssystemen haben. Ich denke insbesondere an BIPOC FLINTA, \u00e4ltere\u00a0<\/span>FLINTA\u00a0und neurodiverse sowie chronisch kranke\u00a0FLINTA. Intersektionale Wesen werden priorisiert.<\/p>\n<p><span>Du bist super willkommen, dich zu melden, um einen kostenlosen Termin zu vereinbaren, wenn mein Angebot bei dir Resonanz findet. Verwende einfach \u201eCommunity Care\u201c, mehr Erkl\u00e4rung ist nicht n\u00f6tig.<\/span><\/p>\n<\/div>\n<\/div>\n<\/div>\n<\/div>\n<div class=\"et_pb_row et_pb_row_1\">\n<div class=\"et_pb_column et_pb_column_4_4 et_pb_column_1  et_pb_css_mix_blend_mode_passthrough et-last-child\">\n<div class=\"et_pb_module et_pb_text et_pb_text_1  et_pb_text_align_left et_pb_bg_layout_light\">\n<div class=\"et_pb_text_inner\">\n<p>&nbsp;<\/p>\n<p><span><b>Stornierungsbedingungen<\/b><\/span><\/p>\n<p><span>innerhalb von 24 Stunden \u2013 50% des Preises<\/span><\/p>\n<p><span>Versp\u00e4tung, Abwesenheit am Tag \u2013 voller Preis<\/span><\/p>\n<p><span>Ich danke euch\u00a0f\u00fcr euer\u00a0Verst\u00e4ndnis.<\/span><\/p>\n<p><span><\/span><\/p>\n<p><span><\/span><\/p>\n<\/div>\n<\/div>\n<\/div>\n<\/div>\n<p>[\/et_pb_text][\/et_pb_column][\/et_pb_row][\/et_pb_section]<\/p>\n","protected":false},"excerpt":{"rendered":"<p>Preise Um meine Angebote zug\u00e4nglich zu halten, verwende ich f\u00fcr fast alles\u00a0ein gestaffeltes System. Bitte w\u00e4hle je nach deinen finanziellen M\u00f6glichkeiten. &nbsp; (somatische) K\u00f6rperarbeit | 90 MinutenStandard: 70\u20ac | Spende: mindestens 30\u20ac | Unterst\u00fctzer*in: 85\u20ac \u00d6l Massage f\u00fcr Wohlbefinden | 45 MinutenStandard: 55\u20ac Lomi Lomi Nui Ritual | ca. 2,5-3 Std. einschliesslich Vorgespr\u00e4ch und Zeit [&hellip;]<\/p>\n","protected":false},"author":2,"featured_media":0,"parent":0,"menu_order":0,"comment_status":"closed","ping_status":"closed","template":"","meta":{"_et_pb_use_builder":"on","_et_pb_old_content":"","_et_gb_content_width":"","footnotes":""},"class_list":["post-452","page","type-page","status-publish","hentry"],"yoast_head":"<!-- This site is optimized with the Yoast SEO plugin v27.5 - https:\/\/yoast.com\/product\/yoast-seo-wordpress\/ -->\n<title>Preise - bodyheartsoulworker<\/title>\n<meta name=\"robots\" content=\"index, follow, max-snippet:-1, max-image-preview:large, max-video-preview:-1\" \/>\n<link rel=\"canonical\" href=\"https:\/\/bodyheartsoulworker.com\/de\/preise\/\" \/>\n<meta property=\"og:locale\" content=\"de_DE\" \/>\n<meta property=\"og:type\" content=\"article\" \/>\n<meta property=\"og:title\" content=\"Preise - bodyheartsoulworker\" \/>\n<meta property=\"og:description\" content=\"Preise Um meine Angebote zug\u00e4nglich zu halten, verwende ich f\u00fcr fast alles\u00a0ein gestaffeltes System. Bitte w\u00e4hle je nach deinen finanziellen M\u00f6glichkeiten. &nbsp; (somatische) K\u00f6rperarbeit | 90 MinutenStandard: 70\u20ac | Spende: mindestens 30\u20ac | Unterst\u00fctzer*in: 85\u20ac \u00d6l Massage f\u00fcr Wohlbefinden | 45 MinutenStandard: 55\u20ac Lomi Lomi Nui Ritual | ca. 2,5-3 Std. einschliesslich Vorgespr\u00e4ch und Zeit [&hellip;]\" \/>\n<meta property=\"og:url\" content=\"https:\/\/bodyheartsoulworker.com\/de\/preise\/\" \/>\n<meta property=\"og:site_name\" content=\"bodyheartsoulworker\" \/>\n<meta property=\"article:modified_time\" content=\"2023-12-19T07:46:19+00:00\" \/>\n<meta name=\"twitter:card\" content=\"summary_large_image\" \/>\n<meta name=\"twitter:label1\" content=\"Gesch\u00e4tzte Lesezeit\" \/>\n\t<meta name=\"twitter:data1\" content=\"2\u00a0Minuten\" \/>\n<script type=\"application\/ld+json\" class=\"yoast-schema-graph\">{\"@context\":\"https:\\\/\\\/schema.org\",\"@graph\":[{\"@type\":\"WebPage\",\"@id\":\"https:\\\/\\\/bodyheartsoulworker.com\\\/de\\\/preise\\\/\",\"url\":\"https:\\\/\\\/bodyheartsoulworker.com\\\/de\\\/preise\\\/\",\"name\":\"Preise - bodyheartsoulworker\",\"isPartOf\":{\"@id\":\"https:\\\/\\\/bodyheartsoulworker.com\\\/#website\"},\"datePublished\":\"2021-03-03T14:30:29+00:00\",\"dateModified\":\"2023-12-19T07:46:19+00:00\",\"breadcrumb\":{\"@id\":\"https:\\\/\\\/bodyheartsoulworker.com\\\/de\\\/preise\\\/#breadcrumb\"},\"inLanguage\":\"de\",\"potentialAction\":[{\"@type\":\"ReadAction\",\"target\":[\"https:\\\/\\\/bodyheartsoulworker.com\\\/de\\\/preise\\\/\"]}]},{\"@type\":\"BreadcrumbList\",\"@id\":\"https:\\\/\\\/bodyheartsoulworker.com\\\/de\\\/preise\\\/#breadcrumb\",\"itemListElement\":[{\"@type\":\"ListItem\",\"position\":1,\"name\":\"Home\",\"item\":\"https:\\\/\\\/bodyheartsoulworker.com\\\/de\\\/\"},{\"@type\":\"ListItem\",\"position\":2,\"name\":\"Preise\"}]},{\"@type\":\"WebSite\",\"@id\":\"https:\\\/\\\/bodyheartsoulworker.com\\\/#website\",\"url\":\"https:\\\/\\\/bodyheartsoulworker.com\\\/\",\"name\":\"bodyheartsoulworker\",\"description\":\"bodyheartsoulwork for womxn lesbian inter trans nonbinary people, located in Berlin, Germany\",\"potentialAction\":[{\"@type\":\"SearchAction\",\"target\":{\"@type\":\"EntryPoint\",\"urlTemplate\":\"https:\\\/\\\/bodyheartsoulworker.com\\\/?s={search_term_string}\"},\"query-input\":{\"@type\":\"PropertyValueSpecification\",\"valueRequired\":true,\"valueName\":\"search_term_string\"}}],\"inLanguage\":\"de\"}]}<\/script>\n<!-- \/ Yoast SEO plugin. -->","yoast_head_json":{"title":"Preise - bodyheartsoulworker","robots":{"index":"index","follow":"follow","max-snippet":"max-snippet:-1","max-image-preview":"max-image-preview:large","max-video-preview":"max-video-preview:-1"},"canonical":"https:\/\/bodyheartsoulworker.com\/de\/preise\/","og_locale":"de_DE","og_type":"article","og_title":"Preise - bodyheartsoulworker","og_description":"Preise Um meine Angebote zug\u00e4nglich zu halten, verwende ich f\u00fcr fast alles\u00a0ein gestaffeltes System. Bitte w\u00e4hle je nach deinen finanziellen M\u00f6glichkeiten. &nbsp; (somatische) K\u00f6rperarbeit | 90 MinutenStandard: 70\u20ac | Spende: mindestens 30\u20ac | Unterst\u00fctzer*in: 85\u20ac \u00d6l Massage f\u00fcr Wohlbefinden | 45 MinutenStandard: 55\u20ac Lomi Lomi Nui Ritual | ca. 2,5-3 Std. einschliesslich Vorgespr\u00e4ch und Zeit [&hellip;]","og_url":"https:\/\/bodyheartsoulworker.com\/de\/preise\/","og_site_name":"bodyheartsoulworker","article_modified_time":"2023-12-19T07:46:19+00:00","twitter_card":"summary_large_image","twitter_misc":{"Gesch\u00e4tzte Lesezeit":"2\u00a0Minuten"},"schema":{"@context":"https:\/\/schema.org","@graph":[{"@type":"WebPage","@id":"https:\/\/bodyheartsoulworker.com\/de\/preise\/","url":"https:\/\/bodyheartsoulworker.com\/de\/preise\/","name":"Preise - bodyheartsoulworker","isPartOf":{"@id":"https:\/\/bodyheartsoulworker.com\/#website"},"datePublished":"2021-03-03T14:30:29+00:00","dateModified":"2023-12-19T07:46:19+00:00","breadcrumb":{"@id":"https:\/\/bodyheartsoulworker.com\/de\/preise\/#breadcrumb"},"inLanguage":"de","potentialAction":[{"@type":"ReadAction","target":["https:\/\/bodyheartsoulworker.com\/de\/preise\/"]}]},{"@type":"BreadcrumbList","@id":"https:\/\/bodyheartsoulworker.com\/de\/preise\/#breadcrumb","itemListElement":[{"@type":"ListItem","position":1,"name":"Home","item":"https:\/\/bodyheartsoulworker.com\/de\/"},{"@type":"ListItem","position":2,"name":"Preise"}]},{"@type":"WebSite","@id":"https:\/\/bodyheartsoulworker.com\/#website","url":"https:\/\/bodyheartsoulworker.com\/","name":"bodyheartsoulworker","description":"bodyheartsoulwork for womxn lesbian inter trans nonbinary people, located in Berlin, Germany","potentialAction":[{"@type":"SearchAction","target":{"@type":"EntryPoint","urlTemplate":"https:\/\/bodyheartsoulworker.com\/?s={search_term_string}"},"query-input":{"@type":"PropertyValueSpecification","valueRequired":true,"valueName":"search_term_string"}}],"inLanguage":"de"}]}},"_links":{"self":[{"href":"https:\/\/bodyheartsoulworker.com\/de\/wp-json\/wp\/v2\/pages\/452","targetHints":{"allow":["GET"]}}],"collection":[{"href":"https:\/\/bodyheartsoulworker.com\/de\/wp-json\/wp\/v2\/pages"}],"about":[{"href":"https:\/\/bodyheartsoulworker.com\/de\/wp-json\/wp\/v2\/types\/page"}],"author":[{"embeddable":true,"href":"https:\/\/bodyheartsoulworker.com\/de\/wp-json\/wp\/v2\/users\/2"}],"replies":[{"embeddable":true,"href":"https:\/\/bodyheartsoulworker.com\/de\/wp-json\/wp\/v2\/comments?post=452"}],"version-history":[{"count":14,"href":"https:\/\/bodyheartsoulworker.com\/de\/wp-json\/wp\/v2\/pages\/452\/revisions"}],"predecessor-version":[{"id":922,"href":"https:\/\/bodyheartsoulworker.com\/de\/wp-json\/wp\/v2\/pages\/452\/revisions\/922"}],"wp:attachment":[{"href":"https:\/\/bodyheartsoulworker.com\/de\/wp-json\/wp\/v2\/media?parent=452"}],"curies":[{"name":"wp","href":"https:\/\/api.w.org\/{rel}","templated":true}]}}