{"id":488,"date":"2021-03-03T15:29:05","date_gmt":"2021-03-03T15:29:05","guid":{"rendered":"https:\/\/bodyheartsoulworker.com\/spoken-work\/"},"modified":"2024-07-01T15:14:33","modified_gmt":"2024-07-01T13:14:33","slug":"peer-counselling-coaching","status":"publish","type":"page","link":"https:\/\/bodyheartsoulworker.com\/de\/peer-counselling-coaching\/","title":{"rendered":"Peer-Beratung &#038; Coaching"},"content":{"rendered":"<p>[et_pb_section fb_built=&#8220;1&#8243; fullwidth=&#8220;on&#8220; admin_label=&#8220;Section&#8220; _builder_version=&#8220;4.9.0&#8243; _module_preset=&#8220;default&#8220;][et_pb_fullwidth_post_title meta=&#8220;off&#8220; featured_image=&#8220;off&#8220; text_color=&#8220;light&#8220; admin_label=&#8220;Fullwidth Post Title&#8220; _builder_version=&#8220;4.9.2&#8243; _module_preset=&#8220;default&#8220; title_font_size=&#8220;50px&#8220; background_image=&#8220;http:\/\/bodyheartsoulworker.com\/wp-content\/uploads\/2021\/03\/IMG_6178.jpg&#8220; height=&#8220;300px&#8220; custom_margin=&#8220;0px||||false|false&#8220; custom_padding=&#8220;166px||0px||false|false&#8220; custom_padding_tablet=&#8220;&#8220; custom_padding_phone=&#8220;30px||||false|false&#8220; custom_padding_last_edited=&#8220;on|phone&#8220; title_text_shadow_style=&#8220;preset3&#8243; title_text_shadow_color=&#8220;#000000&#8243; text_shadow_style=&#8220;preset3&#8243; text_shadow_blur_strength=&#8220;0.29em&#8220; text_shadow_color=&#8220;#000000&#8243;][\/et_pb_fullwidth_post_title][\/et_pb_section][et_pb_section fb_built=&#8220;1&#8243; _builder_version=&#8220;4.9.0&#8243; _module_preset=&#8220;default&#8220;][et_pb_row _builder_version=&#8220;4.9.0&#8243; _module_preset=&#8220;default&#8220;][et_pb_column type=&#8220;4_4&#8243; _builder_version=&#8220;4.9.0&#8243; _module_preset=&#8220;default&#8220;][et_pb_text _builder_version=&#8220;4.9.2&#8243; _module_preset=&#8220;default&#8220;]<b>Peer-Beratung zu Trauma\/Bindungsverletzungen und Selbstheilung f\u00fcr Queers und Womxn <\/b><\/span><br \/>\n<span face=\"Arial, serif\" style=\"font-family: Arial, serif;\"><b>Trauma informiertes (Business-)Coaching<\/b><\/span><br \/>\n&nbsp;<br \/>\nDa ich nun seit mehr als zwanzig Jahren auf meiner Heilungsreise bin und seit Sommer 2019 durch einen tiefgreifenden Heilungsprozess gegangen bin, habe ich erkannt, dass es tats\u00e4chlich Sinn macht, mich \u00fcber meinen bisherigen Weg zu \u00f6ffnen und mein gesammeltes Wissen und meine Erfahrungen als Ressource und Unterst\u00fctzung f\u00fcr diejenigen anzubieten, die es f\u00fcr ihren eigenen Prozess hilfreich finden.<\/p>\n<p>So wie die Geschichte von jemensch einzigartig ist, so ist es auch seine\/ihre\/their Heilungsreise. Doch wir bewegen uns alle durch dieselbe menschliche Landschaft. Da wir mit st\u00e4ndig wechselnden Ressourcen und Vorlieben ausgestattet sind, bietet dir m\u00f6glicherweise jede Begegnung, jede Kreuzung, jedes Werkzeug oder Spielzeug die M\u00f6glichkeit loszulassen, was dir auferlegt wurde, und\/oder ein St\u00fcck von sich selbst zur\u00fcckzugewinnen. Ich bin gerne bereit, eine Zeit lang an deiner Seite zu gehen, zuzuh\u00f6ren, mich mit dir auszutauschen, Psychoedukation anzubieten, Peer-Counseling anzubieten, den Raum f\u00fcr dich zu halten w\u00e4hrend du es l\u00f6st &#8211; was auch immer wir verhandelt haben.<\/p>\n<p>Meiner Erfahrung nach blutet die Verwundung durch Trauma\/Bindungsverletzungen einschlie\u00dflich des anhaltenden Stresses durch unterdr\u00fcckende Systeme in alles im Leben hinein, in die Beziehung zu sich selbst, in die Art und Weise, wie mensch die Welt wahrnimmt, in die Beziehungen zu anderen im Privat- und Berufsleben, wenn man sie nicht Schicht f\u00fcr Schicht heilt &#8211; wie Haut, die geschnitten wurde und gereinigt und gepflegt werden muss, bis sich auf allen Schichten neue Haut gebildet hat. F\u00fcr mich erfordern die facettenreichen und vielschichtigen Auswirkungen von Trauma-\/Bindungsverletzungen ein breites Spektrum an Arbeit an Geist, Herz, Wesenskern und K\u00f6rper. Das ist oft unangenehm, anstrengend, schmerzhaft, aber auch zutiefst lohnend.<\/p>\n<p>Es gibt so viele Informationen da drau\u00dfen, dass ich lange gebraucht habe, um \u00fcberhaupt einen \u00dcberblick zu bekommen und das zu finden, wonach ich gesucht habe. Deshalb bin ich jetzt gerne bereit, dich bei deinem Orientierungsprozess zu unterst\u00fctzen. Ich bin da um zuzuh\u00f6ren, um dich dabei zu unterst\u00fctzen Ideen zu bekommen\/herauszufinden, was f\u00fcr dich funktionieren k\u00f6nnte, um dich in die Richtung von Ressourcen zu weisen, um Wissen (Psychoedukation) \u00fcber Theorien, Strategien und Werkzeuge zu teilen und um Fragen \u00fcber meine Erfahrungen zu beantworten.<\/p>\n<p>Sei dir bewusst: Ich bin kein*e Psycholog*in, ich arbeite also nicht mit dir an deinem Traumamaterial, ich unterst\u00fctze dich nur in deinem Selbstheilungsprozess.<\/p>\n<p>Was sind also m\u00f6gliche Bereiche, \u00fcber die mensch in einer Peer-Beratung sprechen kann? Um nur ein paar zu nennen: Wie man Sicherheit von innen heraus erzeugt, sich selbst be-eltern, Grenzen, die Dimensionen der Selbstf\u00fcrsorge und wie man sie zu einem Teil des t\u00e4glichen Lebens macht, Wiederverbindung mit und Wiederentdeckung von sich selbst, Embodiment-Praktiken, Entpanzerung, Identifizierung von Ausl\u00f6sern, Mustern und Mechanismen, Verhalten gegen die Intuition (was IMHO eigentlich gegen-trauma-adaptives Verhalten ist, da dieser intensive Impuls normalerweise nichts mit Intuition zu tun hat), sich damit anfreunden, es unbequem zu haben, Zyklen durchbrechen, Beziehungsheilung, wie sich Trauma in deinem Berufsleben zeigen kann, Arbeit mit deinem Nervensystem&#8230;<\/p>\n<p>Ich wurde als wei\u00dfe Frau in Deutschland sozialisiert. Ich identifiziere mich als womxn, fluide Person, Dyke, und ich benutze alle Pronomen. Kink ist Teil meines Lebens seit fast 25 Jahren. Ich bin Beziehungsanarchist*in und begann, mich als polyamor zu identifizieren, nachdem ich traumabewusste Polyamorie kennengelernt hatte.<br \/>\nDaher bin ich auch bei diesen Themen ansprechbar &#8211; ich freue mich immer, \u00fcber Beziehungen und Kink und seine vielschichtigen Ebenen zu sprechen.<\/p>\n<p>Ich komme aus einer Peer- und Selbstlernenden-Perspektive, und ich bin auch ein ausgebildeter Business-Coach. Ich bin wirklich gut darin, das gro\u00dfe Ganze zu sehen, \u00fcber den Tellerrand zu schauen, Punkte zu verbinden und Dinge in die Praxis umzusetzen. Mein Ansatz in der K\u00f6rperarbeit wie auch in der Beratung und im Coaching ist traumabewusst\/informiert, ganzheitlich und versteht Wohlbefinden und Freude als grundlegende Menschenrechte.<\/p>\n<p>Ich habe mich meiner eigenen Heilungsreise verschrieben &#8211; ich wachse und dehne mich aus, indem ich tiefer in mich hinein gehe, in K\u00f6rper, Herz und Seele, und immer mehr ich selbst werde -, und ich freue mich, dich bei deiner zu unterst\u00fctzen. Spiritualit\u00e4t, die Liebe zur Ber\u00fchrung, zur Natur und zu B\u00fcchern, die Wertsch\u00e4tzung der Sch\u00f6nheit im t\u00e4glichen Leben, das F\u00fchlen meiner Gef\u00fchle einschlie\u00dflich sicherer Loslassprozesse, Sanftheit und Verletzlichkeit als Weg, Angst haben und es trotzdem tun, radikale Ehrlichkeit, intersektionaler Feminismus und soziale Gerechtigkeit sind Teil der Basis meiner Arbeit und meines Lebens.<\/p>\n<p>Bist du an einer Zusammenarbeit mit mir interessiert?<\/p>\n<p>Du w\u00e4hlst, ob du online zusammenkommen m\u00f6chtest, z.B. \u00fcber Zoom, oder pers\u00f6nlich &#8211; ich freue mich, dich bei einem Spaziergang zu treffen, oder mit dir am Kanal oder in einer ruhigen Ecke eines Parks zu sitzen.[\/et_pb_text][et_pb_image src=&#8220;http:\/\/bodyheartsoulworker.com\/wp-content\/uploads\/2021\/03\/IMG_6178.jpg&#8220; title_text=&#8220;_IMG_6178&#8243; align=&#8220;center&#8220; _builder_version=&#8220;4.9.2&#8243; _module_preset=&#8220;default&#8220; width=&#8220;45%&#8220;][\/et_pb_image][et_pb_text _builder_version=&#8220;4.9.2&#8243; _module_preset=&#8220;default&#8220; hover_enabled=&#8220;0&#8243; sticky_enabled=&#8220;0&#8243;]<\/p>\n<p>Stimmen von Klient*innen<\/p>\n<p>&#8222;Ich hatte k\u00fcrzlich die Gelegenheit ein 1:1 Peer-Counselling mit Steff zum Thema &#8222;Sicherheit im eigenen K\u00f6rper&#8220; zu haben. Steff ist eine tolle, einf\u00fchlsame\u00a0Menschin und schafft es anscheinend spielend leicht, in k\u00fcrzester Zeit einen ruhigen und sicheren Raum zu schaffen, in dem mensch sich wahrgenommen und geh\u00f6rt f\u00fchlt. Es war eine sehr gute und intensive Session, die viele Aha-Momente wie auch Ant\u00f6\u00dfe zum Nachdenken und Ausprobieren anbot. Ich danke sehr daf\u00fcr, Jessica.&#8220;<br \/>Februar 2021, online \u00fcber Zoom<\/p>\n<p>&#8222;Das Coaching war sehr tiefgehend und kl\u00e4rend. Es hat mir sehr geholfen, in meinem Prozess voranzukommen und Klarheit zu finden.&#8220;<br \/>Birgit, Sommer 2020, pers\u00f6nlich drau\u00dfen im Wald<\/p>\n<p>&#8222;Steff hat mir auf sehr professionelle Weise geholfen, Themen zu bearbeiten, L\u00f6sungen f\u00fcr mich zu finden und mir einen wertvollen Werkzeugkasten an die Hand gegeben. Steff hat mir in k\u00fcrzester Zeit beigebracht, nachhaltige Ver\u00e4nderungen vorzunehmen und die Werkzeuge, die ich bereits hatte, besser zu nutzen.&#8220;<br \/>Daniela, Fr\u00fchjahr 2020, Trauma informiertes Coaching zur Online-Vorstellungsgespr\u00e4chssituation, 3 Sitzungen \u00e1 60 Minuten innerhalb von 1 Woche, online via Zoom<\/p>\n<p>[\/et_pb_text][et_pb_image src=&#8220;http:\/\/bodyheartsoulworker.com\/wp-content\/uploads\/2021\/03\/6__IMG_6167.jpg&#8220; title_text=&#8220;6__IMG_6167&#8243; align=&#8220;center&#8220; _builder_version=&#8220;4.9.2&#8243; _module_preset=&#8220;default&#8220; width=&#8220;45%&#8220;][\/et_pb_image][\/et_pb_column][\/et_pb_row][\/et_pb_section]<\/p>\n","protected":false},"excerpt":{"rendered":"<p>Peer-Beratung zu Trauma\/Bindungsverletzungen und Selbstheilung f\u00fcr Queers und Womxn Trauma informiertes (Business-)Coaching &nbsp; Da ich nun seit mehr als zwanzig Jahren auf meiner Heilungsreise bin und seit Sommer 2019 durch einen tiefgreifenden Heilungsprozess gegangen bin, habe ich erkannt, dass es tats\u00e4chlich Sinn macht, mich \u00fcber meinen bisherigen Weg zu \u00f6ffnen und mein gesammeltes Wissen und [&hellip;]<\/p>\n","protected":false},"author":2,"featured_media":0,"parent":0,"menu_order":0,"comment_status":"closed","ping_status":"closed","template":"","meta":{"_et_pb_use_builder":"on","_et_pb_old_content":"","_et_gb_content_width":"","footnotes":""},"class_list":["post-488","page","type-page","status-publish","hentry"],"yoast_head":"<!-- This site is optimized with the Yoast SEO plugin v27.5 - https:\/\/yoast.com\/product\/yoast-seo-wordpress\/ -->\n<title>Peer-Beratung &amp; Coaching - bodyheartsoulworker<\/title>\n<meta name=\"robots\" content=\"index, follow, max-snippet:-1, max-image-preview:large, max-video-preview:-1\" \/>\n<link rel=\"canonical\" href=\"https:\/\/bodyheartsoulworker.com\/de\/peer-counselling-coaching\/\" \/>\n<meta property=\"og:locale\" content=\"de_DE\" \/>\n<meta property=\"og:type\" content=\"article\" \/>\n<meta property=\"og:title\" content=\"Peer-Beratung &amp; Coaching - bodyheartsoulworker\" \/>\n<meta property=\"og:description\" content=\"Peer-Beratung zu Trauma\/Bindungsverletzungen und Selbstheilung f\u00fcr Queers und Womxn Trauma informiertes (Business-)Coaching &nbsp; Da ich nun seit mehr als zwanzig Jahren auf meiner Heilungsreise bin und seit Sommer 2019 durch einen tiefgreifenden Heilungsprozess gegangen bin, habe ich erkannt, dass es tats\u00e4chlich Sinn macht, mich \u00fcber meinen bisherigen Weg zu \u00f6ffnen und mein gesammeltes Wissen und [&hellip;]\" \/>\n<meta property=\"og:url\" content=\"https:\/\/bodyheartsoulworker.com\/de\/peer-counselling-coaching\/\" \/>\n<meta property=\"og:site_name\" content=\"bodyheartsoulworker\" \/>\n<meta property=\"article:modified_time\" content=\"2024-07-01T13:14:33+00:00\" \/>\n<meta name=\"twitter:card\" content=\"summary_large_image\" \/>\n<meta name=\"twitter:label1\" content=\"Gesch\u00e4tzte Lesezeit\" \/>\n\t<meta name=\"twitter:data1\" content=\"6\u00a0Minuten\" \/>\n<script type=\"application\/ld+json\" class=\"yoast-schema-graph\">{\"@context\":\"https:\\\/\\\/schema.org\",\"@graph\":[{\"@type\":\"WebPage\",\"@id\":\"https:\\\/\\\/bodyheartsoulworker.com\\\/de\\\/peer-counselling-coaching\\\/\",\"url\":\"https:\\\/\\\/bodyheartsoulworker.com\\\/de\\\/peer-counselling-coaching\\\/\",\"name\":\"Peer-Beratung & Coaching - bodyheartsoulworker\",\"isPartOf\":{\"@id\":\"https:\\\/\\\/bodyheartsoulworker.com\\\/#website\"},\"datePublished\":\"2021-03-03T15:29:05+00:00\",\"dateModified\":\"2024-07-01T13:14:33+00:00\",\"breadcrumb\":{\"@id\":\"https:\\\/\\\/bodyheartsoulworker.com\\\/de\\\/peer-counselling-coaching\\\/#breadcrumb\"},\"inLanguage\":\"de\",\"potentialAction\":[{\"@type\":\"ReadAction\",\"target\":[\"https:\\\/\\\/bodyheartsoulworker.com\\\/de\\\/peer-counselling-coaching\\\/\"]}]},{\"@type\":\"BreadcrumbList\",\"@id\":\"https:\\\/\\\/bodyheartsoulworker.com\\\/de\\\/peer-counselling-coaching\\\/#breadcrumb\",\"itemListElement\":[{\"@type\":\"ListItem\",\"position\":1,\"name\":\"Home\",\"item\":\"https:\\\/\\\/bodyheartsoulworker.com\\\/de\\\/\"},{\"@type\":\"ListItem\",\"position\":2,\"name\":\"Peer-Beratung &#038; Coaching\"}]},{\"@type\":\"WebSite\",\"@id\":\"https:\\\/\\\/bodyheartsoulworker.com\\\/#website\",\"url\":\"https:\\\/\\\/bodyheartsoulworker.com\\\/\",\"name\":\"bodyheartsoulworker\",\"description\":\"bodyheartsoulwork for womxn lesbian inter trans nonbinary people, located in Berlin, Germany\",\"potentialAction\":[{\"@type\":\"SearchAction\",\"target\":{\"@type\":\"EntryPoint\",\"urlTemplate\":\"https:\\\/\\\/bodyheartsoulworker.com\\\/?s={search_term_string}\"},\"query-input\":{\"@type\":\"PropertyValueSpecification\",\"valueRequired\":true,\"valueName\":\"search_term_string\"}}],\"inLanguage\":\"de\"}]}<\/script>\n<!-- \/ Yoast SEO plugin. -->","yoast_head_json":{"title":"Peer-Beratung & Coaching - bodyheartsoulworker","robots":{"index":"index","follow":"follow","max-snippet":"max-snippet:-1","max-image-preview":"max-image-preview:large","max-video-preview":"max-video-preview:-1"},"canonical":"https:\/\/bodyheartsoulworker.com\/de\/peer-counselling-coaching\/","og_locale":"de_DE","og_type":"article","og_title":"Peer-Beratung & Coaching - bodyheartsoulworker","og_description":"Peer-Beratung zu Trauma\/Bindungsverletzungen und Selbstheilung f\u00fcr Queers und Womxn Trauma informiertes (Business-)Coaching &nbsp; Da ich nun seit mehr als zwanzig Jahren auf meiner Heilungsreise bin und seit Sommer 2019 durch einen tiefgreifenden Heilungsprozess gegangen bin, habe ich erkannt, dass es tats\u00e4chlich Sinn macht, mich \u00fcber meinen bisherigen Weg zu \u00f6ffnen und mein gesammeltes Wissen und [&hellip;]","og_url":"https:\/\/bodyheartsoulworker.com\/de\/peer-counselling-coaching\/","og_site_name":"bodyheartsoulworker","article_modified_time":"2024-07-01T13:14:33+00:00","twitter_card":"summary_large_image","twitter_misc":{"Gesch\u00e4tzte Lesezeit":"6\u00a0Minuten"},"schema":{"@context":"https:\/\/schema.org","@graph":[{"@type":"WebPage","@id":"https:\/\/bodyheartsoulworker.com\/de\/peer-counselling-coaching\/","url":"https:\/\/bodyheartsoulworker.com\/de\/peer-counselling-coaching\/","name":"Peer-Beratung & Coaching - bodyheartsoulworker","isPartOf":{"@id":"https:\/\/bodyheartsoulworker.com\/#website"},"datePublished":"2021-03-03T15:29:05+00:00","dateModified":"2024-07-01T13:14:33+00:00","breadcrumb":{"@id":"https:\/\/bodyheartsoulworker.com\/de\/peer-counselling-coaching\/#breadcrumb"},"inLanguage":"de","potentialAction":[{"@type":"ReadAction","target":["https:\/\/bodyheartsoulworker.com\/de\/peer-counselling-coaching\/"]}]},{"@type":"BreadcrumbList","@id":"https:\/\/bodyheartsoulworker.com\/de\/peer-counselling-coaching\/#breadcrumb","itemListElement":[{"@type":"ListItem","position":1,"name":"Home","item":"https:\/\/bodyheartsoulworker.com\/de\/"},{"@type":"ListItem","position":2,"name":"Peer-Beratung &#038; Coaching"}]},{"@type":"WebSite","@id":"https:\/\/bodyheartsoulworker.com\/#website","url":"https:\/\/bodyheartsoulworker.com\/","name":"bodyheartsoulworker","description":"bodyheartsoulwork for womxn lesbian inter trans nonbinary people, located in Berlin, Germany","potentialAction":[{"@type":"SearchAction","target":{"@type":"EntryPoint","urlTemplate":"https:\/\/bodyheartsoulworker.com\/?s={search_term_string}"},"query-input":{"@type":"PropertyValueSpecification","valueRequired":true,"valueName":"search_term_string"}}],"inLanguage":"de"}]}},"_links":{"self":[{"href":"https:\/\/bodyheartsoulworker.com\/de\/wp-json\/wp\/v2\/pages\/488","targetHints":{"allow":["GET"]}}],"collection":[{"href":"https:\/\/bodyheartsoulworker.com\/de\/wp-json\/wp\/v2\/pages"}],"about":[{"href":"https:\/\/bodyheartsoulworker.com\/de\/wp-json\/wp\/v2\/types\/page"}],"author":[{"embeddable":true,"href":"https:\/\/bodyheartsoulworker.com\/de\/wp-json\/wp\/v2\/users\/2"}],"replies":[{"embeddable":true,"href":"https:\/\/bodyheartsoulworker.com\/de\/wp-json\/wp\/v2\/comments?post=488"}],"version-history":[{"count":11,"href":"https:\/\/bodyheartsoulworker.com\/de\/wp-json\/wp\/v2\/pages\/488\/revisions"}],"predecessor-version":[{"id":931,"href":"https:\/\/bodyheartsoulworker.com\/de\/wp-json\/wp\/v2\/pages\/488\/revisions\/931"}],"wp:attachment":[{"href":"https:\/\/bodyheartsoulworker.com\/de\/wp-json\/wp\/v2\/media?parent=488"}],"curies":[{"name":"wp","href":"https:\/\/api.w.org\/{rel}","templated":true}]}}