{"id":508,"date":"2021-03-03T15:47:29","date_gmt":"2021-03-03T15:47:29","guid":{"rendered":"https:\/\/bodyheartsoulworker.com\/about-me\/"},"modified":"2021-03-19T11:39:11","modified_gmt":"2021-03-19T11:39:11","slug":"about-me","status":"publish","type":"page","link":"https:\/\/bodyheartsoulworker.com\/de\/about-me\/","title":{"rendered":"\u00dcber mich"},"content":{"rendered":"<p>[et_pb_section fb_built=&#8220;1&#8243; fullwidth=&#8220;on&#8220; admin_label=&#8220;Section&#8220; _builder_version=&#8220;4.9.0&#8243; _module_preset=&#8220;default&#8220;][et_pb_fullwidth_post_title meta=&#8220;off&#8220; featured_image=&#8220;off&#8220; text_color=&#8220;light&#8220; admin_label=&#8220;Fullwidth Post Title&#8220; _builder_version=&#8220;4.9.2&#8243; _module_preset=&#8220;default&#8220; title_font_size=&#8220;50px&#8220; background_image=&#8220;http:\/\/bodyheartsoulworker.com\/wp-content\/uploads\/2021\/03\/IMG_8862.jpg&#8220; height=&#8220;300px&#8220; title_text_shadow_style=&#8220;preset3&#8243; title_text_shadow_color=&#8220;#000000&#8243; text_shadow_style=&#8220;preset3&#8243; text_shadow_blur_strength=&#8220;0.29em&#8220; text_shadow_color=&#8220;#000000&#8243;][\/et_pb_fullwidth_post_title][\/et_pb_section][et_pb_section fb_built=&#8220;1&#8243; _builder_version=&#8220;4.9.0&#8243; _module_preset=&#8220;default&#8220;][et_pb_row _builder_version=&#8220;4.9.0&#8243; _module_preset=&#8220;default&#8220;][et_pb_column type=&#8220;4_4&#8243; _builder_version=&#8220;4.9.0&#8243; _module_preset=&#8220;default&#8220;][et_pb_text _builder_version=&#8220;4.9.2&#8243; _module_preset=&#8220;default&#8220;]<\/p>\n<p><span color=\"#0000ff\" style=\"color: #0000ff;\"><span face=\"Arial, serif\" style=\"font-family: Arial, serif;\"><i><u><\/u><\/i><\/span><\/span><span face=\"Arial, serif\" style=\"font-family: Arial, serif;\"><i>Liebe als \u00dcbungspraxis<\/i><\/span><br \/><span color=\"#0000ff\" style=\"color: #0000ff;\"><span face=\"Arial, serif\" style=\"font-family: Arial, serif;\"><i><u><a href=\"https:\/\/theanarchistlibrary.org\/library\/andie-nordgren-the-short-instructional-manifesto-for-relationship-anarchy\">Beziehungsanarchist*in <\/a><\/u><\/i><\/span><\/span><span color=\"#0000ff\" style=\"color: #0000ff;\"><span face=\"Arial, serif\" style=\"font-family: Arial, serif;\"><i><u><a href=\"https:\/\/www.clementinemorrigan.com\/product\/trauma-informed-polyamory-workshop\">traumainformierte Polyamorie <\/a><\/u><\/i><\/span><\/span><span face=\"Arial, serif\" style=\"font-family: Arial, serif;\"><i><\/i><\/span><span color=\"#0000ff\" style=\"color: #0000ff;\"><span face=\"Arial, serif\" style=\"font-family: Arial, serif;\"><i><u><a href=\"https:\/\/www.soulaia.com\/self-soul\/the-10-cs-of-conscious-relating\"><\/a><\/u><\/i><\/span><\/span><br \/><span color=\"#0000ff\" style=\"color: #0000ff;\"><span face=\"Arial, serif\" style=\"font-family: Arial, serif;\"><i><u><a href=\"https:\/\/www.soulaia.com\/self-soul\/the-10-cs-of-conscious-relating\">bewusste Verbindungen<\/a><br \/><\/u><\/i><\/span><\/span><span color=\"#0000ff\" style=\"color: #0000ff;\"><span face=\"Arial, serif\" style=\"font-family: Arial, serif;\"><i><u><\/u><\/i><\/span><\/span><span face=\"Arial, serif\" style=\"font-family: Arial, serif;\"><i>radikale Ehrlichkeit<\/i><\/span><br \/><span face=\"Arial, serif\" style=\"font-family: Arial, serif;\"><i>kollektive Heilung &amp; gegenseitige F\u00fcrsorge<\/i><\/span><br \/><span face=\"Arial, serif\" style=\"font-family: Arial, serif;\"><i><a href=\"https:\/\/youtu.be\/PT-0BpVoZ4E\">Pleasure Aktivism<\/a><\/i><\/span><br \/><span face=\"Arial, serif\" style=\"font-family: Arial, serif;\"><i>Verflechtung von Engagement, Verantwortung und Befreiung in allem<\/i><\/span><br \/><span face=\"Arial, serif\" style=\"font-family: Arial, serif;\"><i>bodyheartsoulworker<\/i><\/span><br \/><span face=\"Arial, serif\" style=\"font-family: Arial, serif;\"><i>Spiegel und Katalysator<br \/><\/i><\/span><span face=\"Arial, serif\" style=\"font-family: Arial, serif;\"><i>Erforschung von radikaler Zartheit, Verletzlichkeit, Intimit\u00e4t und Interdependenz<\/i><\/span><\/p>\n<p><span face=\"Arial, serif\" style=\"font-family: Arial, serif;\">steffx &#8211; alle Pronomen, fluide Person, aufgewachsen als wei\u00df positionierte Frau in Deutschland, Akademiker*in, geringes Einkommen, Trauma-Babe (danke an @margeauxfeldman f\u00fcr den Begriff), Bodyheartsoulworker, boi\/y-ish Femme, Dyke, queer, Submissive, Educator\/lebenslanges Lernen, (Business Coach), Peer-Berater*in, eher introvertierter B\u00fccherwurm, tief verbunden mit Mutter Erde, der Natur und ihren Elementen, spirituell &amp; politisch \u2013 alles ist verbunden<\/span><\/p>\n<p>[\/et_pb_text][\/et_pb_column][\/et_pb_row][et_pb_row _builder_version=&#8220;4.9.0&#8243; _module_preset=&#8220;default&#8220;][et_pb_column type=&#8220;4_4&#8243; _builder_version=&#8220;4.9.0&#8243; _module_preset=&#8220;default&#8220;][et_pb_text _builder_version=&#8220;4.9.2&#8243; _module_preset=&#8220;default&#8220;]<\/p>\n<p><span face=\"Arial, serif\"><b>Werte \/ Was mir wichtig ist<br \/><\/b><\/span>\u2026<span face=\"Arial, serif\">zus\u00e4tzlich zu allem oben Genannten&#8230;<\/span><\/p>\n<p><span face=\"Arial, serif\">Verbindung(en), Ausgeglichenheit<br \/><\/span><span face=\"Arial, serif\">Integrit\u00e4t, Authentizit\u00e4t, Zuverl\u00e4ssigkeit, Verantwortlichkeit<br \/><\/span>healing justice, transformative justice, Befreiung<br \/>Interdependenz, Hineinlehnen, Vertrauen, Wahlm\u00f6glichkeit<br \/>Bewusstsein, Gewahrsein, Pr\u00e4senz, Neugierde, Mut, Hingabe<br \/>Energie, Absicht, die Reise nach innen<br \/>auf die Weisheit von K\u00f6rper, Herz und Wesenskern h\u00f6ren diejenigen, die vor mir waren<\/p>\n<p><span face=\"Arial, serif\" style=\"font-family: Arial, serif;\">Ich bin auch in tiefer Resonanz mit den Werten von <\/span><a href=\"http:\/\/kindredsouthernhjcollective.org\/values\/\"><span face=\"Arial, serif\" style=\"font-family: Arial, serif;\">The Kindred Collective <\/span><\/a><\/p>\n<p>[\/et_pb_text][\/et_pb_column][\/et_pb_row][et_pb_row _builder_version=&#8220;4.9.2&#8243; _module_preset=&#8220;default&#8220;][et_pb_column type=&#8220;4_4&#8243; _builder_version=&#8220;4.9.2&#8243; _module_preset=&#8220;default&#8220;][et_pb_text _builder_version=&#8220;4.9.2&#8243; _module_preset=&#8220;default&#8220;]<\/p>\n<p><span face=\"Arial, serif\"><b>Studium &amp; Arbeiten &#8211; meine bisherige Erkundung des &#8218;Berufslebens&#8216;<\/b><\/span><\/p>\n<p><span face=\"Arial, serif\" style=\"font-family: Arial, serif;\">P\u00e4dagogin in der Wirtschaft (Fokus auf Soft-Skill-Themen in Teamtrainings indoor &amp; outdoor, Incentives), institutionelles &amp; nicht-institutionelles lebenslanges Lernen, sowie im Kink<br \/><\/span><span face=\"Arial, serif\" style=\"font-family: Arial, serif;\"><\/span><span face=\"Arial, serif\" style=\"font-family: Arial, serif;\">Business-Coach, COATRAIN\u00ae Hamburg<br \/><\/span><span face=\"Arial, serif\" style=\"font-family: Arial, serif;\"><\/span><span face=\"Arial, serif\" style=\"font-family: Arial, serif;\">Berufserfahrung auch in <br \/><\/span><span face=\"Arial, serif\" style=\"font-family: Arial, serif;\"><\/span><span face=\"Arial, serif\" style=\"font-family: Arial, serif;\">Unternehmensberatung zur Nachwuchsgewinnung<br \/><\/span><span face=\"Arial, serif\" style=\"font-family: Arial, serif;\"><\/span><span face=\"Arial, serif\" style=\"font-family: Arial, serif;\">Ausbildungs- und Arbeitsvermittlung<br \/><\/span><span face=\"Arial, serif\" style=\"font-family: Arial, serif;\"><\/span><span face=\"Arial, serif\" style=\"font-family: Arial, serif;\">Potenzialeinsch\u00e4tzung und Karriereberatung<br \/><\/span><span face=\"Arial, serif\" style=\"font-family: Arial, serif;\"><\/span><span face=\"Arial, serif\" style=\"font-family: Arial, serif;\">\u00d6ffentlichkeitsarbeit f\u00fcr Projekte, Marketing<br \/><\/span><span face=\"Arial, serif\" style=\"font-family: Arial, serif;\"><\/span><span face=\"Arial, serif\" style=\"font-family: Arial, serif;\">Produktion von Inhalten f\u00fcr Zeitung, Zeitschriften, Radio, B\u00fcrgerfernsehen<br \/><\/span><span face=\"Arial, serif\" style=\"font-family: Arial, serif;\"><\/span><span face=\"Arial, serif\" style=\"font-family: Arial, serif;\">Minijobs &amp; Praktika in den meisten m\u00f6glichen Bereichen, z.B. Zeitungsaustragen, Lager- und Ladenhelfende, Reinigung, viel Gastronomie, Promotion, Aufbauhelfende f\u00fcr Theaterproduktionen, Messehelfende f\u00fcr Kink-Magazin &amp; Online-Shop auf Wacken Open Air, WGT Leipzig und BoundCon M\u00fcnchen u.v.m.<br \/><\/span><span face=\"Arial, serif\" style=\"font-family: Arial, serif;\"><\/span><span face=\"Arial, serif\" style=\"font-family: Arial, serif;\">Magistra Atrium in P\u00e4dagogik, Gender Studies, Deutsche Philologie, hab mich auch in Medien- und Kommunikationswissenschaften und Psychologie versucht<br \/><\/span><span face=\"Arial, serif\" style=\"font-family: Arial, serif;\"><\/span><span face=\"Arial, serif\" style=\"font-family: Arial, serif;\">M.A.-Arbeit: Intermediale Br\u00fccken. Betrachtung der M\u00f6glichkeit des Erwerbs von literarischem Textverst\u00e4ndnis durch den Konsum von TV-Serien am Beispiel von Xena: Warrior Princess. (Ja, es hat tats\u00e4chlich Spa\u00df gemacht.)<\/span><\/p>\n<p>[\/et_pb_text][et_pb_image src=&#8220;http:\/\/bodyheartsoulworker.com\/wp-content\/uploads\/2021\/03\/IMG_8862.jpg&#8220; title_text=&#8220;IMG_8862&#8243; align=&#8220;center&#8220; _builder_version=&#8220;4.9.2&#8243; _module_preset=&#8220;default&#8220; width=&#8220;37%&#8220;][\/et_pb_image][\/et_pb_column][\/et_pb_row][\/et_pb_section]<\/p>\n","protected":false},"excerpt":{"rendered":"<p>Liebe als \u00dcbungspraxisBeziehungsanarchist*in traumainformierte Polyamorie bewusste Verbindungenradikale Ehrlichkeitkollektive Heilung &amp; gegenseitige F\u00fcrsorgePleasure AktivismVerflechtung von Engagement, Verantwortung und Befreiung in allembodyheartsoulworkerSpiegel und KatalysatorErforschung von radikaler Zartheit, Verletzlichkeit, Intimit\u00e4t und Interdependenz steffx &#8211; alle Pronomen, fluide Person, aufgewachsen als wei\u00df positionierte Frau in Deutschland, Akademiker*in, geringes Einkommen, Trauma-Babe (danke an @margeauxfeldman f\u00fcr den Begriff), Bodyheartsoulworker, boi\/y-ish Femme, [&hellip;]<\/p>\n","protected":false},"author":2,"featured_media":505,"parent":0,"menu_order":0,"comment_status":"closed","ping_status":"closed","template":"","meta":{"_et_pb_use_builder":"on","_et_pb_old_content":"","_et_gb_content_width":"","footnotes":""},"class_list":["post-508","page","type-page","status-publish","has-post-thumbnail","hentry"],"yoast_head":"<!-- This site is optimized with the Yoast SEO plugin v27.5 - https:\/\/yoast.com\/product\/yoast-seo-wordpress\/ -->\n<title>\u00dcber mich - bodyheartsoulworker<\/title>\n<meta name=\"robots\" content=\"index, follow, max-snippet:-1, max-image-preview:large, max-video-preview:-1\" \/>\n<link rel=\"canonical\" href=\"https:\/\/bodyheartsoulworker.com\/de\/about-me\/\" \/>\n<meta property=\"og:locale\" content=\"de_DE\" \/>\n<meta property=\"og:type\" content=\"article\" \/>\n<meta property=\"og:title\" content=\"\u00dcber mich - bodyheartsoulworker\" \/>\n<meta property=\"og:description\" content=\"Liebe als \u00dcbungspraxisBeziehungsanarchist*in traumainformierte Polyamorie bewusste Verbindungenradikale Ehrlichkeitkollektive Heilung &amp; gegenseitige F\u00fcrsorgePleasure AktivismVerflechtung von Engagement, Verantwortung und Befreiung in allembodyheartsoulworkerSpiegel und KatalysatorErforschung von radikaler Zartheit, Verletzlichkeit, Intimit\u00e4t und Interdependenz steffx - alle Pronomen, fluide Person, aufgewachsen als wei\u00df positionierte Frau in Deutschland, Akademiker*in, geringes Einkommen, Trauma-Babe (danke an @margeauxfeldman f\u00fcr den Begriff), Bodyheartsoulworker, boi\/y-ish Femme, [&hellip;]\" \/>\n<meta property=\"og:url\" content=\"https:\/\/bodyheartsoulworker.com\/de\/about-me\/\" \/>\n<meta property=\"og:site_name\" content=\"bodyheartsoulworker\" \/>\n<meta property=\"article:modified_time\" content=\"2021-03-19T11:39:11+00:00\" \/>\n<meta property=\"og:image\" content=\"https:\/\/bodyheartsoulworker.com\/wp-content\/uploads\/2021\/03\/IMG_8862.jpg\" \/>\n\t<meta property=\"og:image:width\" content=\"1000\" \/>\n\t<meta property=\"og:image:height\" content=\"1333\" \/>\n\t<meta property=\"og:image:type\" content=\"image\/jpeg\" \/>\n<meta name=\"twitter:card\" content=\"summary_large_image\" \/>\n<meta name=\"twitter:label1\" content=\"Gesch\u00e4tzte Lesezeit\" \/>\n\t<meta name=\"twitter:data1\" content=\"2\u00a0Minuten\" \/>\n<script type=\"application\/ld+json\" class=\"yoast-schema-graph\">{\"@context\":\"https:\\\/\\\/schema.org\",\"@graph\":[{\"@type\":\"WebPage\",\"@id\":\"https:\\\/\\\/bodyheartsoulworker.com\\\/de\\\/about-me\\\/\",\"url\":\"https:\\\/\\\/bodyheartsoulworker.com\\\/de\\\/about-me\\\/\",\"name\":\"\u00dcber mich - bodyheartsoulworker\",\"isPartOf\":{\"@id\":\"https:\\\/\\\/bodyheartsoulworker.com\\\/#website\"},\"primaryImageOfPage\":{\"@id\":\"https:\\\/\\\/bodyheartsoulworker.com\\\/de\\\/about-me\\\/#primaryimage\"},\"image\":{\"@id\":\"https:\\\/\\\/bodyheartsoulworker.com\\\/de\\\/about-me\\\/#primaryimage\"},\"thumbnailUrl\":\"https:\\\/\\\/bodyheartsoulworker.com\\\/wp-content\\\/uploads\\\/2021\\\/03\\\/IMG_8862.jpg\",\"datePublished\":\"2021-03-03T15:47:29+00:00\",\"dateModified\":\"2021-03-19T11:39:11+00:00\",\"breadcrumb\":{\"@id\":\"https:\\\/\\\/bodyheartsoulworker.com\\\/de\\\/about-me\\\/#breadcrumb\"},\"inLanguage\":\"de\",\"potentialAction\":[{\"@type\":\"ReadAction\",\"target\":[\"https:\\\/\\\/bodyheartsoulworker.com\\\/de\\\/about-me\\\/\"]}]},{\"@type\":\"ImageObject\",\"inLanguage\":\"de\",\"@id\":\"https:\\\/\\\/bodyheartsoulworker.com\\\/de\\\/about-me\\\/#primaryimage\",\"url\":\"https:\\\/\\\/bodyheartsoulworker.com\\\/wp-content\\\/uploads\\\/2021\\\/03\\\/IMG_8862.jpg\",\"contentUrl\":\"https:\\\/\\\/bodyheartsoulworker.com\\\/wp-content\\\/uploads\\\/2021\\\/03\\\/IMG_8862.jpg\",\"width\":1000,\"height\":1333},{\"@type\":\"BreadcrumbList\",\"@id\":\"https:\\\/\\\/bodyheartsoulworker.com\\\/de\\\/about-me\\\/#breadcrumb\",\"itemListElement\":[{\"@type\":\"ListItem\",\"position\":1,\"name\":\"Home\",\"item\":\"https:\\\/\\\/bodyheartsoulworker.com\\\/de\\\/\"},{\"@type\":\"ListItem\",\"position\":2,\"name\":\"\u00dcber mich\"}]},{\"@type\":\"WebSite\",\"@id\":\"https:\\\/\\\/bodyheartsoulworker.com\\\/#website\",\"url\":\"https:\\\/\\\/bodyheartsoulworker.com\\\/\",\"name\":\"bodyheartsoulworker\",\"description\":\"bodyheartsoulwork for womxn lesbian inter trans nonbinary people, located in Berlin, Germany\",\"potentialAction\":[{\"@type\":\"SearchAction\",\"target\":{\"@type\":\"EntryPoint\",\"urlTemplate\":\"https:\\\/\\\/bodyheartsoulworker.com\\\/?s={search_term_string}\"},\"query-input\":{\"@type\":\"PropertyValueSpecification\",\"valueRequired\":true,\"valueName\":\"search_term_string\"}}],\"inLanguage\":\"de\"}]}<\/script>\n<!-- \/ Yoast SEO plugin. -->","yoast_head_json":{"title":"\u00dcber mich - bodyheartsoulworker","robots":{"index":"index","follow":"follow","max-snippet":"max-snippet:-1","max-image-preview":"max-image-preview:large","max-video-preview":"max-video-preview:-1"},"canonical":"https:\/\/bodyheartsoulworker.com\/de\/about-me\/","og_locale":"de_DE","og_type":"article","og_title":"\u00dcber mich - bodyheartsoulworker","og_description":"Liebe als \u00dcbungspraxisBeziehungsanarchist*in traumainformierte Polyamorie bewusste Verbindungenradikale Ehrlichkeitkollektive Heilung &amp; gegenseitige F\u00fcrsorgePleasure AktivismVerflechtung von Engagement, Verantwortung und Befreiung in allembodyheartsoulworkerSpiegel und KatalysatorErforschung von radikaler Zartheit, Verletzlichkeit, Intimit\u00e4t und Interdependenz steffx - alle Pronomen, fluide Person, aufgewachsen als wei\u00df positionierte Frau in Deutschland, Akademiker*in, geringes Einkommen, Trauma-Babe (danke an @margeauxfeldman f\u00fcr den Begriff), Bodyheartsoulworker, boi\/y-ish Femme, [&hellip;]","og_url":"https:\/\/bodyheartsoulworker.com\/de\/about-me\/","og_site_name":"bodyheartsoulworker","article_modified_time":"2021-03-19T11:39:11+00:00","og_image":[{"width":1000,"height":1333,"url":"https:\/\/bodyheartsoulworker.com\/wp-content\/uploads\/2021\/03\/IMG_8862.jpg","type":"image\/jpeg"}],"twitter_card":"summary_large_image","twitter_misc":{"Gesch\u00e4tzte Lesezeit":"2\u00a0Minuten"},"schema":{"@context":"https:\/\/schema.org","@graph":[{"@type":"WebPage","@id":"https:\/\/bodyheartsoulworker.com\/de\/about-me\/","url":"https:\/\/bodyheartsoulworker.com\/de\/about-me\/","name":"\u00dcber mich - bodyheartsoulworker","isPartOf":{"@id":"https:\/\/bodyheartsoulworker.com\/#website"},"primaryImageOfPage":{"@id":"https:\/\/bodyheartsoulworker.com\/de\/about-me\/#primaryimage"},"image":{"@id":"https:\/\/bodyheartsoulworker.com\/de\/about-me\/#primaryimage"},"thumbnailUrl":"https:\/\/bodyheartsoulworker.com\/wp-content\/uploads\/2021\/03\/IMG_8862.jpg","datePublished":"2021-03-03T15:47:29+00:00","dateModified":"2021-03-19T11:39:11+00:00","breadcrumb":{"@id":"https:\/\/bodyheartsoulworker.com\/de\/about-me\/#breadcrumb"},"inLanguage":"de","potentialAction":[{"@type":"ReadAction","target":["https:\/\/bodyheartsoulworker.com\/de\/about-me\/"]}]},{"@type":"ImageObject","inLanguage":"de","@id":"https:\/\/bodyheartsoulworker.com\/de\/about-me\/#primaryimage","url":"https:\/\/bodyheartsoulworker.com\/wp-content\/uploads\/2021\/03\/IMG_8862.jpg","contentUrl":"https:\/\/bodyheartsoulworker.com\/wp-content\/uploads\/2021\/03\/IMG_8862.jpg","width":1000,"height":1333},{"@type":"BreadcrumbList","@id":"https:\/\/bodyheartsoulworker.com\/de\/about-me\/#breadcrumb","itemListElement":[{"@type":"ListItem","position":1,"name":"Home","item":"https:\/\/bodyheartsoulworker.com\/de\/"},{"@type":"ListItem","position":2,"name":"\u00dcber mich"}]},{"@type":"WebSite","@id":"https:\/\/bodyheartsoulworker.com\/#website","url":"https:\/\/bodyheartsoulworker.com\/","name":"bodyheartsoulworker","description":"bodyheartsoulwork for womxn lesbian inter trans nonbinary people, located in Berlin, Germany","potentialAction":[{"@type":"SearchAction","target":{"@type":"EntryPoint","urlTemplate":"https:\/\/bodyheartsoulworker.com\/?s={search_term_string}"},"query-input":{"@type":"PropertyValueSpecification","valueRequired":true,"valueName":"search_term_string"}}],"inLanguage":"de"}]}},"_links":{"self":[{"href":"https:\/\/bodyheartsoulworker.com\/de\/wp-json\/wp\/v2\/pages\/508","targetHints":{"allow":["GET"]}}],"collection":[{"href":"https:\/\/bodyheartsoulworker.com\/de\/wp-json\/wp\/v2\/pages"}],"about":[{"href":"https:\/\/bodyheartsoulworker.com\/de\/wp-json\/wp\/v2\/types\/page"}],"author":[{"embeddable":true,"href":"https:\/\/bodyheartsoulworker.com\/de\/wp-json\/wp\/v2\/users\/2"}],"replies":[{"embeddable":true,"href":"https:\/\/bodyheartsoulworker.com\/de\/wp-json\/wp\/v2\/comments?post=508"}],"version-history":[{"count":8,"href":"https:\/\/bodyheartsoulworker.com\/de\/wp-json\/wp\/v2\/pages\/508\/revisions"}],"predecessor-version":[{"id":834,"href":"https:\/\/bodyheartsoulworker.com\/de\/wp-json\/wp\/v2\/pages\/508\/revisions\/834"}],"wp:featuredmedia":[{"embeddable":true,"href":"https:\/\/bodyheartsoulworker.com\/de\/wp-json\/wp\/v2\/media\/505"}],"wp:attachment":[{"href":"https:\/\/bodyheartsoulworker.com\/de\/wp-json\/wp\/v2\/media?parent=508"}],"curies":[{"name":"wp","href":"https:\/\/api.w.org\/{rel}","templated":true}]}}