{"id":519,"date":"2021-03-03T16:00:39","date_gmt":"2021-03-03T16:00:39","guid":{"rendered":"https:\/\/bodyheartsoulworker.com\/?page_id=519"},"modified":"2024-07-01T15:15:35","modified_gmt":"2024-07-01T13:15:35","slug":"group-work","status":"publish","type":"page","link":"https:\/\/bodyheartsoulworker.com\/de\/group-work\/","title":{"rendered":"Arbeit mit Gruppen"},"content":{"rendered":"<p>[et_pb_section fb_built=&#8220;1&#8243; fullwidth=&#8220;on&#8220; admin_label=&#8220;Section&#8220; _builder_version=&#8220;4.9.0&#8243; _module_preset=&#8220;default&#8220;][et_pb_fullwidth_post_title meta=&#8220;off&#8220; featured_image=&#8220;off&#8220; text_color=&#8220;light&#8220; admin_label=&#8220;Fullwidth Post Title&#8220; _builder_version=&#8220;4.9.2&#8243; _module_preset=&#8220;default&#8220; title_font_size=&#8220;50px&#8220; background_image=&#8220;http:\/\/bodyheartsoulworker.com\/wp-content\/uploads\/2021\/03\/IMG_9599.jpg&#8220; height=&#8220;300px&#8220; title_text_shadow_style=&#8220;preset3&#8243; title_text_shadow_color=&#8220;#000000&#8243; text_shadow_style=&#8220;preset3&#8243; text_shadow_blur_strength=&#8220;0.29em&#8220; text_shadow_color=&#8220;#000000&#8243;][\/et_pb_fullwidth_post_title][\/et_pb_section][et_pb_section fb_built=&#8220;1&#8243; _builder_version=&#8220;4.9.0&#8243; _module_preset=&#8220;default&#8220;][et_pb_row _builder_version=&#8220;4.9.0&#8243; _module_preset=&#8220;default&#8220;][et_pb_column type=&#8220;4_4&#8243; _builder_version=&#8220;4.9.0&#8243; _module_preset=&#8220;default&#8220;][et_pb_text _builder_version=&#8220;4.9.0&#8243; _module_preset=&#8220;default&#8220;]<\/p>\n<h1>Mit Gruppen sein, lernen, und f\u00fcr sie Raum halten<\/h1>\n<p>[\/et_pb_text][\/et_pb_column][\/et_pb_row][et_pb_row _builder_version=&#8220;4.9.0&#8243; _module_preset=&#8220;default&#8220;][et_pb_column type=&#8220;4_4&#8243; _builder_version=&#8220;4.9.0&#8243; _module_preset=&#8220;default&#8220;][et_pb_text _builder_version=&#8220;4.9.4&#8243; _module_preset=&#8220;default&#8220; hover_enabled=&#8220;0&#8243; sticky_enabled=&#8220;0&#8243;]<\/p>\n<h2><span style=\"color: #333333; font-size: 26px;\">Workshops<\/span><\/h2>\n<p><span face=\"Arial, serif\" style=\"font-family: Arial, serif;\">Ich m\u00f6chte Workshops anbieten, die sowohl unserer individuellen als auch unserer kollektiven Heilung als queere Menschen dienen. Um die Welt zu ver\u00e4ndern, so glaube ich, m\u00fcssen wir gesund genug sein, damit wir unsere Unterschiede wertsch\u00e4tzen, uns in gegenseitiger F\u00fcrsorge aneinander anlehnen und einander in unserem gemeinsamen Kampf f\u00fcr die Befreiung aller vertrauen k\u00f6nnen. Ich f\u00fchle mich zu den Wurzeln der Dinge hingezogen, zu dem, was in der Tiefe sitzt, manchmal im Schatten, denn ich glaube, dass wahre Ver\u00e4nderung in einem selbst beginnt.<\/span><span style=\"font-size: 14px;\">\u00a0<\/span><\/p>\n<p><span face=\"Arial, serif\" style=\"font-family: Arial, serif;\">Ende 2020\/Anfang 2021 war es bislang:<br \/><\/span><span style=\"font-family: Arial, serif;\">Queere Verbindungen, Heilungsprozesse und Aktivismus: Sicherer durch Konflikte gehen<br \/><\/span><span face=\"Arial, serif\" style=\"font-family: Arial, serif;\">Queere Heilungsprozesse, in Verbindung sein und Aktivismus: Zu dir selbst nachhause kommen. Wie du Sicherheit in deinem K\u00f6rper findest<\/span><\/p>\n<p><span face=\"Arial, serif\" style=\"font-family: Arial, serif;\">Andererseits genie\u00dfe ich es, unbeschwerte Themen zu teilen, f\u00fcr die ich eine Leidenschaft habe, z.B. Service in Conscious Kink. Ich freue mich, damit deinem und meinem Wohlbefinden zu dienen \u2013 Genuss-Aktivismus (Pleasure Aktivism) &lt;3<\/span><\/p>\n<p><span face=\"Arial, serif\" style=\"font-family: Arial, serif;\"><\/span><\/p>\n<p><span face=\"Arial, serif\" style=\"font-family: Arial, serif;\"><\/span><\/p>\n<h2>Andere Zusammenk\u00fcnfte<\/h2>\n<p><span face=\"Arial, serif\" style=\"font-family: Arial, serif;\">Mitgeschaffene R\u00e4ume, verk\u00f6rperte Gespr\u00e4che und manchmal Rituale sind andere Wege, die ich genie\u00dfe, um mit Gruppen von queeren Wesen gemeinsam zu sein, z.B. <\/span><span face=\"Arial, serif\" style=\"font-family: Arial, serif;\"><i>tough &amp; tender feeling circle<\/i><\/span><span face=\"Arial, serif\" style=\"font-family: Arial, serif;\"> in Zusammenarbeit mit <a href=\"https:\/\/www.adiflove.com\/collaboration\" target=\"_blank\" rel=\"noopener\">@Adiflove<\/a>, oder <\/span><span face=\"Arial, serif\" style=\"font-family: Arial, serif;\"><i>speaking into silence<\/i><\/span><span face=\"Arial, serif\" style=\"font-family: Arial, serif;\">, adaptiert auf das Online-Medium mit enthusiastischem Konsent von culturalprotocols.cc<\/span><\/p>\n<p><span face=\"Arial, serif\" style=\"font-family: Arial, serif;\">Bitte schau auf mein Instagram f\u00fcr aktuelle Angebote.<\/span><\/p>\n<p><span face=\"Arial, serif\" style=\"font-family: Arial, serif;\">Danke!<\/span><\/p>\n<p>[\/et_pb_text][\/et_pb_column][\/et_pb_row][et_pb_row _builder_version=&#8220;4.9.0&#8243; _module_preset=&#8220;default&#8220;][et_pb_column type=&#8220;4_4&#8243; _builder_version=&#8220;4.9.0&#8243; _module_preset=&#8220;default&#8220;][et_pb_text _builder_version=&#8220;4.9.0&#8243; _module_preset=&#8220;default&#8220;]<\/p>\n<h2>Unternehmen wie Start-ups, freiberufliche Teams, Vereine, &#8230; &#8211; <\/h2>\n<p><span face=\"Arial, serif\" style=\"font-family: Arial, serif;\">k\u00f6nnen mich gerne zu einer Vielzahl an sogenannten &#8222;Softskill&#8220;-Themen buchen &#8211; ich w\u00fcrde sagen, eigentlich essentielle Skills, z.B. authentische Kommunikation, Teambuilding &amp; Teamdynamik, Lernen lernen, Serviceorientierung, gendersensible Sprache, inklusive Vorstellungsgespr\u00e4che, u.v.m.<\/span><\/p>\n<p><span face=\"Arial, serif\" style=\"font-family: Arial, serif;\">Ich unterrichte auch gerne praxisorientiert, z.B. Selbstf\u00fcrsorge im B\u00fcro.<\/span><\/p>\n<p><span face=\"Arial, serif\" style=\"font-family: Arial, serif;\">Mein Ansatz ist ganzheitlich, d.h. ich spreche in meinen Workshops alle Sinne an, Gef\u00fchle sind willkommen, und ich strebe nach der Verwirklichung von verk\u00f6rperten Lernerfahrungen.<\/span><\/p>\n<p><span face=\"Arial, serif\" style=\"font-family: Arial, serif;\">Ich biete auch <\/span><span face=\"Arial, serif\" style=\"font-family: Arial, serif;\"><b>1:1 Business-Coachings<\/b><\/span><span face=\"Arial, serif\" style=\"font-family: Arial, serif;\"> an, z.B. Leadership-Coachings f\u00fcr junge F\u00fchrungskr\u00e4fte oder Karriere-Coaching f\u00fcr Ihren Azubi<\/span><\/p>\n<p><span face=\"Arial, serif\" style=\"font-family: Arial, serif;\">F\u00fchlen Sie sich ermutigt, mit mir in Kontakt zu treten und mir mitzuteilen, was Sie gerne mit mir gestalten w\u00fcrden. Ich bin neugierig, Ihre Ideen zu lesen.<\/span>[\/et_pb_text][\/et_pb_column][\/et_pb_row][\/et_pb_section]<\/p>\n","protected":false},"excerpt":{"rendered":"<p>Mit Gruppen sein, lernen, und f\u00fcr sie Raum haltenWorkshops Ich m\u00f6chte Workshops anbieten, die sowohl unserer individuellen als auch unserer kollektiven Heilung als queere Menschen dienen. Um die Welt zu ver\u00e4ndern, so glaube ich, m\u00fcssen wir gesund genug sein, damit wir unsere Unterschiede wertsch\u00e4tzen, uns in gegenseitiger F\u00fcrsorge aneinander anlehnen und einander in unserem gemeinsamen [&hellip;]<\/p>\n","protected":false},"author":2,"featured_media":0,"parent":0,"menu_order":0,"comment_status":"closed","ping_status":"closed","template":"","meta":{"_et_pb_use_builder":"on","_et_pb_old_content":"","_et_gb_content_width":"","footnotes":""},"class_list":["post-519","page","type-page","status-publish","hentry"],"yoast_head":"<!-- This site is optimized with the Yoast SEO plugin v27.5 - https:\/\/yoast.com\/product\/yoast-seo-wordpress\/ -->\n<title>Arbeit mit Gruppen - bodyheartsoulworker<\/title>\n<meta name=\"robots\" content=\"index, follow, max-snippet:-1, max-image-preview:large, max-video-preview:-1\" \/>\n<link rel=\"canonical\" href=\"https:\/\/bodyheartsoulworker.com\/de\/group-work\/\" \/>\n<meta property=\"og:locale\" content=\"de_DE\" \/>\n<meta property=\"og:type\" content=\"article\" \/>\n<meta property=\"og:title\" content=\"Arbeit mit Gruppen - bodyheartsoulworker\" \/>\n<meta property=\"og:description\" content=\"Mit Gruppen sein, lernen, und f\u00fcr sie Raum haltenWorkshops Ich m\u00f6chte Workshops anbieten, die sowohl unserer individuellen als auch unserer kollektiven Heilung als queere Menschen dienen. Um die Welt zu ver\u00e4ndern, so glaube ich, m\u00fcssen wir gesund genug sein, damit wir unsere Unterschiede wertsch\u00e4tzen, uns in gegenseitiger F\u00fcrsorge aneinander anlehnen und einander in unserem gemeinsamen [&hellip;]\" \/>\n<meta property=\"og:url\" content=\"https:\/\/bodyheartsoulworker.com\/de\/group-work\/\" \/>\n<meta property=\"og:site_name\" content=\"bodyheartsoulworker\" \/>\n<meta property=\"article:modified_time\" content=\"2024-07-01T13:15:35+00:00\" \/>\n<meta name=\"twitter:card\" content=\"summary_large_image\" \/>\n<meta name=\"twitter:label1\" content=\"Gesch\u00e4tzte Lesezeit\" \/>\n\t<meta name=\"twitter:data1\" content=\"2\u00a0Minuten\" \/>\n<script type=\"application\/ld+json\" class=\"yoast-schema-graph\">{\"@context\":\"https:\\\/\\\/schema.org\",\"@graph\":[{\"@type\":\"WebPage\",\"@id\":\"https:\\\/\\\/bodyheartsoulworker.com\\\/de\\\/group-work\\\/\",\"url\":\"https:\\\/\\\/bodyheartsoulworker.com\\\/de\\\/group-work\\\/\",\"name\":\"Arbeit mit Gruppen - bodyheartsoulworker\",\"isPartOf\":{\"@id\":\"https:\\\/\\\/bodyheartsoulworker.com\\\/#website\"},\"datePublished\":\"2021-03-03T16:00:39+00:00\",\"dateModified\":\"2024-07-01T13:15:35+00:00\",\"breadcrumb\":{\"@id\":\"https:\\\/\\\/bodyheartsoulworker.com\\\/de\\\/group-work\\\/#breadcrumb\"},\"inLanguage\":\"de\",\"potentialAction\":[{\"@type\":\"ReadAction\",\"target\":[\"https:\\\/\\\/bodyheartsoulworker.com\\\/de\\\/group-work\\\/\"]}]},{\"@type\":\"BreadcrumbList\",\"@id\":\"https:\\\/\\\/bodyheartsoulworker.com\\\/de\\\/group-work\\\/#breadcrumb\",\"itemListElement\":[{\"@type\":\"ListItem\",\"position\":1,\"name\":\"Home\",\"item\":\"https:\\\/\\\/bodyheartsoulworker.com\\\/de\\\/\"},{\"@type\":\"ListItem\",\"position\":2,\"name\":\"Arbeit mit Gruppen\"}]},{\"@type\":\"WebSite\",\"@id\":\"https:\\\/\\\/bodyheartsoulworker.com\\\/#website\",\"url\":\"https:\\\/\\\/bodyheartsoulworker.com\\\/\",\"name\":\"bodyheartsoulworker\",\"description\":\"bodyheartsoulwork for womxn lesbian inter trans nonbinary people, located in Berlin, Germany\",\"potentialAction\":[{\"@type\":\"SearchAction\",\"target\":{\"@type\":\"EntryPoint\",\"urlTemplate\":\"https:\\\/\\\/bodyheartsoulworker.com\\\/?s={search_term_string}\"},\"query-input\":{\"@type\":\"PropertyValueSpecification\",\"valueRequired\":true,\"valueName\":\"search_term_string\"}}],\"inLanguage\":\"de\"}]}<\/script>\n<!-- \/ Yoast SEO plugin. -->","yoast_head_json":{"title":"Arbeit mit Gruppen - bodyheartsoulworker","robots":{"index":"index","follow":"follow","max-snippet":"max-snippet:-1","max-image-preview":"max-image-preview:large","max-video-preview":"max-video-preview:-1"},"canonical":"https:\/\/bodyheartsoulworker.com\/de\/group-work\/","og_locale":"de_DE","og_type":"article","og_title":"Arbeit mit Gruppen - bodyheartsoulworker","og_description":"Mit Gruppen sein, lernen, und f\u00fcr sie Raum haltenWorkshops Ich m\u00f6chte Workshops anbieten, die sowohl unserer individuellen als auch unserer kollektiven Heilung als queere Menschen dienen. Um die Welt zu ver\u00e4ndern, so glaube ich, m\u00fcssen wir gesund genug sein, damit wir unsere Unterschiede wertsch\u00e4tzen, uns in gegenseitiger F\u00fcrsorge aneinander anlehnen und einander in unserem gemeinsamen [&hellip;]","og_url":"https:\/\/bodyheartsoulworker.com\/de\/group-work\/","og_site_name":"bodyheartsoulworker","article_modified_time":"2024-07-01T13:15:35+00:00","twitter_card":"summary_large_image","twitter_misc":{"Gesch\u00e4tzte Lesezeit":"2\u00a0Minuten"},"schema":{"@context":"https:\/\/schema.org","@graph":[{"@type":"WebPage","@id":"https:\/\/bodyheartsoulworker.com\/de\/group-work\/","url":"https:\/\/bodyheartsoulworker.com\/de\/group-work\/","name":"Arbeit mit Gruppen - bodyheartsoulworker","isPartOf":{"@id":"https:\/\/bodyheartsoulworker.com\/#website"},"datePublished":"2021-03-03T16:00:39+00:00","dateModified":"2024-07-01T13:15:35+00:00","breadcrumb":{"@id":"https:\/\/bodyheartsoulworker.com\/de\/group-work\/#breadcrumb"},"inLanguage":"de","potentialAction":[{"@type":"ReadAction","target":["https:\/\/bodyheartsoulworker.com\/de\/group-work\/"]}]},{"@type":"BreadcrumbList","@id":"https:\/\/bodyheartsoulworker.com\/de\/group-work\/#breadcrumb","itemListElement":[{"@type":"ListItem","position":1,"name":"Home","item":"https:\/\/bodyheartsoulworker.com\/de\/"},{"@type":"ListItem","position":2,"name":"Arbeit mit Gruppen"}]},{"@type":"WebSite","@id":"https:\/\/bodyheartsoulworker.com\/#website","url":"https:\/\/bodyheartsoulworker.com\/","name":"bodyheartsoulworker","description":"bodyheartsoulwork for womxn lesbian inter trans nonbinary people, located in Berlin, Germany","potentialAction":[{"@type":"SearchAction","target":{"@type":"EntryPoint","urlTemplate":"https:\/\/bodyheartsoulworker.com\/?s={search_term_string}"},"query-input":{"@type":"PropertyValueSpecification","valueRequired":true,"valueName":"search_term_string"}}],"inLanguage":"de"}]}},"_links":{"self":[{"href":"https:\/\/bodyheartsoulworker.com\/de\/wp-json\/wp\/v2\/pages\/519","targetHints":{"allow":["GET"]}}],"collection":[{"href":"https:\/\/bodyheartsoulworker.com\/de\/wp-json\/wp\/v2\/pages"}],"about":[{"href":"https:\/\/bodyheartsoulworker.com\/de\/wp-json\/wp\/v2\/types\/page"}],"author":[{"embeddable":true,"href":"https:\/\/bodyheartsoulworker.com\/de\/wp-json\/wp\/v2\/users\/2"}],"replies":[{"embeddable":true,"href":"https:\/\/bodyheartsoulworker.com\/de\/wp-json\/wp\/v2\/comments?post=519"}],"version-history":[{"count":10,"href":"https:\/\/bodyheartsoulworker.com\/de\/wp-json\/wp\/v2\/pages\/519\/revisions"}],"predecessor-version":[{"id":933,"href":"https:\/\/bodyheartsoulworker.com\/de\/wp-json\/wp\/v2\/pages\/519\/revisions\/933"}],"wp:attachment":[{"href":"https:\/\/bodyheartsoulworker.com\/de\/wp-json\/wp\/v2\/media?parent=519"}],"curies":[{"name":"wp","href":"https:\/\/api.w.org\/{rel}","templated":true}]}}